{"id":1683,"date":"2020-08-18T18:04:10","date_gmt":"2020-08-18T18:04:10","guid":{"rendered":"https:\/\/pumacy.com\/medizin-gesundheit\/"},"modified":"2020-08-18T18:04:10","modified_gmt":"2020-08-18T18:04:10","slug":"medizin-gesundheit","status":"publish","type":"page","link":"https:\/\/www.pumacy.com\/de\/medizin-gesundheit\/","title":{"rendered":"Medizin &#038; Gesundheit"},"content":{"rendered":"\n<h2 class=\"wp-block-heading\">AUF ALLE EINFL\u00dcSSE DES GESUNDHEITSWESENS GUT VORBEREITET SEIN<\/h2>\n\n<p><img decoding=\"async\" src=\"https:\/\/www.pumacy.de\/wp-content\/uploads\/Fotolia_53385412_WavebreakmediaMicro_komprimiert-150x150.jpg\" alt=\"Patient_Doctor_Hospital\"\/><\/p>\n\n<p>Aktuelle Megatrends wie Globalisierung, Bev\u00f6lkerungswachstum und Nachhaltigkeit haben einen starken Einfluss auf alle industriellen Dom\u00e4nen, wirken aber in besonderem Ma\u00dfe auf das Gesundheitswesen. Hierbei sind alle am Gesundheitssystem beteiligten Bereiche betroffen: angefangen bei medizinischen Versorgungseinrichtungen wie Arztpraxen oder Krankenh\u00e4usern \u00fcber Anbieter und Hersteller von Pharmazeutika, biotechnologischer oder medizintechnischer Produkte einschlie\u00dflich Lieferanten und Forschungsinstitutionen bis hin zu Versorgungstr\u00e4gern wie Kranken- und Sozialkassen. Dazu kommen noch regulierende Institutionen wie die \u201eCE-Zeichen\u201c vergebenden benannten Stellen in Europa oder die FDA in den USA, die gerade im Bereich von Life Sciences und Healthcare starke kontrollierende Funktionen aus\u00fcben und deren Einflussnahme in den kommenden Jahren noch zunehmen wird.<\/p>\n\n<p>Mit diesen Trends einher geht ein stetig zunehmender Kostendruck, dem alle zuvor genannten Bereiche in gleicher Weise ausgesetzt sind. Um diesem ad\u00e4quat zu begegnen und den eigenen wirtschaftlichen Bestand abzusichern, gilt f\u00fcr alle Beteiligten heute mehr als je zuvor, die eigenen Arbeitsabl\u00e4ufe zu optimieren und die Kosten zu senken. Gleichzeitig wird in vielen Bereichen angestrebt, durch eine hohe Innovationsf\u00e4higkeit auch das eigene Leistungsangebot zu verbessern und an die fortw\u00e4hrenden technologischen Entwicklungen anzupassen.<\/p>\n\n<p>Dass diesem hohen Handlungsdruck auch ein hohes Potential gegen\u00fcber steht, zeigt die Tatsache, dass alleine in Deutschland mehr als ein Zehntel des BIPs auf das Gesundheitswesen entf\u00e4llt, Tendenz steigend. Schon jetzt setzen viele Unternehmen auf dieses Wachstum. Entsprechend geh\u00f6ren die Medizintechnik sowie die Pharma- und Biotechnologiebranche zu den mit Abstand innovationsst\u00e4rksten Branchen in Deutschland mit den meisten Patentanmeldungen. Damit liegt der Bereich Life Sciences laut des Schlussberichts \u201eNationaler Strategieprozess \u2013 Innovationen in der Medizintechnik\u201c noch deutlich vor der Automobilbranche.<\/p>\n\n<h2 class=\"wp-block-heading\">INNOVATIONEN ALS MOTOR IM GESUNDHEITSWESEN<\/h2>\n\n<p><img loading=\"lazy\" decoding=\"async\" width=\"153\" height=\"153\" src=\"https:\/\/www.pumacy.de\/wp-content\/uploads\/Fotolia_46940800_M_komprimiert-150x150.jpg\" alt=\"Networking\"\/><\/p>\n\n<p>Ideen f\u00fcr Innovationen trotz strenger Vorschriften und komplizierter Erstattungsmodi nachhaltig umzusetzen ist f\u00fcr Organisationen aus dem Life Sciences und Healthcare-Bereich eine der gr\u00f6\u00dften Herausforderungen. Eine durchg\u00e4ngige Kommunikation sowie Methoden und Werkzeuge f\u00fcr die Ideenentwicklung, den nachvollziehbaren Austausch von Wissen und eine systematische Unterst\u00fctzung der produktbezogenen Prozesse geben hierf\u00fcr Handlungsm\u00f6glichkeiten vor.&#13;\n&#13;\n<\/p>\n\n<p>In Zusammenarbeit mit verschiedenen Partnern haben wir es uns zum Ziel gesetzt, unsere Kunden aus den Bereichen Medizintechnik, Pharmazie und Gesundheitsmanagement erfolgreich zu machen.<\/p>\n\n<p>Jedes medizintechnische Produkt und dessen Einsatz im klinischen Betrieb, ja sogar allt\u00e4gliche Abl\u00e4ufe in Krankenh\u00e4usern bergen erhebliche Potenziale f\u00fcr Innovationen und Prozessverbesserungen. Dass auch jede Idee eines einzelnen Mitarbeiters Gro\u00dfes bewirken kann, zeigt ein Beispiel unseres Softwarepartners Induct. Eine Krankenschwester f\u00fcr An\u00e4sthesie in D\u00e4nemark ist bei Ihrer t\u00e4glichen Arbeit auf die Idee gekommen, Neugeborene \u00fcber einen Schnuller mit Sauerstoff zu versorgen, anstatt die Sauerstoffschl\u00e4uche separat zu befestigen.&#13;\n&#13;\n\u00dcber die Innovationsplattform Induct konnte aus der kleinen Idee eine bahnbrechende Innovation werden, von der sowohl medizinische Einrichtungen als auch die kleinen Patienten profitieren.&#13;\n&#13;\nEs kommt also nicht nur darauf an, Ideen von m\u00f6glichst vielen Beteiligten einzusammeln und zu bewerten. Wichtig ist vor allem, Wissens- und Innovationsprozesse durchg\u00e4ngig zu unterst\u00fctzen, von der Idee bis hin zum marktf\u00e4higen Produkt. Auch Elemente des Qualit\u00e4ts- und Risikomanagements m\u00fcssen einbezogen werden. Unsere Experten aus dem Bereich Gesundheitswesen helfen Ihnen dabei, Ihre Innovationsf\u00e4higkeit zu st\u00e4rken und Ihre Prozesse zu verbessern.&#13;\n&#13;\nErfahren Sie mehr \u00fcber Agiles Innovationsmanagement f\u00fcr Krankenh\u00e4user!&#13;\n&#13;\nDurch Einf\u00fchrung offener Innovationskan\u00e4le und Gr\u00fcndung einer  \u201eIdeenklinik\u201c ist es dem Klinikum Aalborg gelungen, innerhalb von 3 Jahren Verbesserungen in zweistelliger Millionenh\u00f6he zu erzielen. Fr\u00fcher kamen die Ideen ausschlie\u00dflich von Wissenschaftlern. Heute erh\u00e4lt die Klinik zus\u00e4tzlich Ideen aus allen Bereichen, von Pflege und anderem Personal, von Patienten und Zulieferern. Dadurch wurde v\u00f6llig neues Verbesserungspotenzial hinsichtlich Kosteneinsparung und Effizienzsteigerung mobilisiert.<\/p>\n\n<p>\u00dcber die Innovationsplattform Induct konnte aus der kleinen Idee eine bahnbrechende Innovation werden, von der sowohl medizinische Einrichtungen als auch die kleinen Patienten profitieren.<\/p>\n\n<p>Es kommt also nicht nur darauf an, Ideen von m\u00f6glichst vielen Beteiligten einzusammeln und zu bewerten. Wichtig ist vor allem, Wissens- und Innovationsprozesse durchg\u00e4ngig zu unterst\u00fctzen, von der Idee bis hin zum marktf\u00e4higen Produkt. Auch Elemente des Qualit\u00e4ts- und Risikomanagements m\u00fcssen einbezogen werden. Unsere Experten aus dem Bereich Gesundheitswesen helfen Ihnen dabei, Ihre Innovationsf\u00e4higkeit zu st\u00e4rken und Ihre Prozesse zu verbessern.<\/p>\n\n<p>Erfahren Sie mehr \u00fcber Agiles Innovationsmanagement f\u00fcr Krankenh\u00e4user!<\/p>\n\n<p>Durch Einf\u00fchrung offener Innovationskan\u00e4le und Gr\u00fcndung einer  \u201eIdeenklinik\u201c ist es dem Klinikum Aalborg gelungen, innerhalb von 3 Jahren Verbesserungen in zweistelliger Millionenh\u00f6he zu erzielen. Fr\u00fcher kamen die Ideen ausschlie\u00dflich von Wissenschaftlern. Heute erh\u00e4lt die Klinik zus\u00e4tzlich Ideen aus allen Bereichen, von Pflege und anderem Personal, von Patienten und Zulieferern. Dadurch wurde v\u00f6llig neues Verbesserungspotenzial hinsichtlich Kosteneinsparung und Effizienzsteigerung mobilisiert.<\/p>\n","protected":false},"excerpt":{"rendered":"<p>AUF ALLE EINFL\u00dcSSE DES GESUNDHEITSWESENS GUT VORBEREITET SEIN Aktuelle Megatrends wie Globalisierung, Bev\u00f6lkerungswachstum und Nachhaltigkeit haben einen starken Einfluss auf alle industriellen Dom\u00e4nen, wirken aber in besonderem Ma\u00dfe auf das Gesundheitswesen. Hierbei sind alle am Gesundheitssystem beteiligten Bereiche betroffen: angefangen bei medizinischen Versorgungseinrichtungen wie Arztpraxen oder Krankenh\u00e4usern \u00fcber Anbieter und Hersteller von Pharmazeutika, biotechnologischer oder [&hellip;]<\/p>\n","protected":false},"author":3,"featured_media":0,"parent":0,"menu_order":0,"comment_status":"closed","ping_status":"closed","template":"","meta":{"_uag_custom_page_level_css":"","site-sidebar-layout":"default","site-content-layout":"default","ast-site-content-layout":"default","site-content-style":"default","site-sidebar-style":"default","ast-global-header-display":"","ast-banner-title-visibility":"","ast-main-header-display":"","ast-hfb-above-header-display":"","ast-hfb-below-header-display":"","ast-hfb-mobile-header-display":"","site-post-title":"","ast-breadcrumbs-content":"","ast-featured-img":"","footer-sml-layout":"","ast-disable-related-posts":"","theme-transparent-header-meta":"default","adv-header-id-meta":"","stick-header-meta":"","header-above-stick-meta":"","header-main-stick-meta":"","header-below-stick-meta":"","astra-migrate-meta-layouts":"default","ast-page-background-enabled":"default","ast-page-background-meta":{"desktop":{"background-color":"","background-image":"","background-repeat":"repeat","background-position":"center center","background-size":"auto","background-attachment":"scroll","background-type":"","background-media":"","overlay-type":"","overlay-color":"","overlay-opacity":"","overlay-gradient":""},"tablet":{"background-color":"","background-image":"","background-repeat":"repeat","background-position":"center center","background-size":"auto","background-attachment":"scroll","background-type":"","background-media":"","overlay-type":"","overlay-color":"","overlay-opacity":"","overlay-gradient":""},"mobile":{"background-color":"","background-image":"","background-repeat":"repeat","background-position":"center center","background-size":"auto","background-attachment":"scroll","background-type":"","background-media":"","overlay-type":"","overlay-color":"","overlay-opacity":"","overlay-gradient":""}},"ast-content-background-meta":{"desktop":{"background-color":"var(--ast-global-color-5)","background-image":"","background-repeat":"repeat","background-position":"center center","background-size":"auto","background-attachment":"scroll","background-type":"","background-media":"","overlay-type":"","overlay-color":"","overlay-opacity":"","overlay-gradient":""},"tablet":{"background-color":"var(--ast-global-color-5)","background-image":"","background-repeat":"repeat","background-position":"center center","background-size":"auto","background-attachment":"scroll","background-type":"","background-media":"","overlay-type":"","overlay-color":"","overlay-opacity":"","overlay-gradient":""},"mobile":{"background-color":"var(--ast-global-color-5)","background-image":"","background-repeat":"repeat","background-position":"center center","background-size":"auto","background-attachment":"scroll","background-type":"","background-media":"","overlay-type":"","overlay-color":"","overlay-opacity":"","overlay-gradient":""}},"footnotes":""},"class_list":["post-1683","page","type-page","status-publish","hentry"],"spectra_custom_meta":{"_wpml_word_count":["{\"total\":0,\"to_translate\":{\"en\":5,\"de\":5}}"],"site-sidebar-layout":["default"],"site-content-layout":["default"],"theme-transparent-header-meta":["default"],"_top_nav_excluded":[""],"_cms_nav_minihome":[""],"_last_translation_edit_mode":["translation-editor"],"_uagb_previous_block_counts":["a:90:{s:21:\"uagb\/advanced-heading\";i:0;s:15:\"uagb\/blockquote\";i:0;s:12:\"uagb\/buttons\";i:0;s:18:\"uagb\/buttons-child\";i:0;s:19:\"uagb\/call-to-action\";i:0;s:15:\"uagb\/cf7-styler\";i:0;s:11:\"uagb\/column\";i:0;s:12:\"uagb\/columns\";i:0;s:14:\"uagb\/container\";i:0;s:21:\"uagb\/content-timeline\";i:0;s:27:\"uagb\/content-timeline-child\";i:0;s:14:\"uagb\/countdown\";i:0;s:12:\"uagb\/counter\";i:0;s:8:\"uagb\/faq\";i:0;s:14:\"uagb\/faq-child\";i:0;s:10:\"uagb\/forms\";i:0;s:17:\"uagb\/forms-accept\";i:0;s:19:\"uagb\/forms-checkbox\";i:0;s:15:\"uagb\/forms-date\";i:0;s:16:\"uagb\/forms-email\";i:0;s:17:\"uagb\/forms-hidden\";i:0;s:15:\"uagb\/forms-name\";i:0;s:16:\"uagb\/forms-phone\";i:0;s:16:\"uagb\/forms-radio\";i:0;s:17:\"uagb\/forms-select\";i:0;s:19:\"uagb\/forms-textarea\";i:0;s:17:\"uagb\/forms-toggle\";i:0;s:14:\"uagb\/forms-url\";i:0;s:14:\"uagb\/gf-styler\";i:0;s:15:\"uagb\/google-map\";i:0;s:11:\"uagb\/how-to\";i:0;s:16:\"uagb\/how-to-step\";i:0;s:9:\"uagb\/icon\";i:0;s:14:\"uagb\/icon-list\";i:0;s:20:\"uagb\/icon-list-child\";i:0;s:10:\"uagb\/image\";i:0;s:18:\"uagb\/image-gallery\";i:0;s:13:\"uagb\/info-box\";i:0;s:18:\"uagb\/inline-notice\";i:0;s:11:\"uagb\/lottie\";i:0;s:21:\"uagb\/marketing-button\";i:0;s:10:\"uagb\/modal\";i:0;s:18:\"uagb\/popup-builder\";i:0;s:16:\"uagb\/post-button\";i:0;s:18:\"uagb\/post-carousel\";i:0;s:17:\"uagb\/post-excerpt\";i:0;s:14:\"uagb\/post-grid\";i:0;s:15:\"uagb\/post-image\";i:0;s:17:\"uagb\/post-masonry\";i:0;s:14:\"uagb\/post-meta\";i:0;s:18:\"uagb\/post-taxonomy\";i:0;s:18:\"uagb\/post-timeline\";i:0;s:15:\"uagb\/post-title\";i:0;s:20:\"uagb\/restaurant-menu\";i:0;s:26:\"uagb\/restaurant-menu-child\";i:0;s:11:\"uagb\/review\";i:0;s:12:\"uagb\/section\";i:0;s:14:\"uagb\/separator\";i:0;s:11:\"uagb\/slider\";i:0;s:17:\"uagb\/slider-child\";i:0;s:17:\"uagb\/social-share\";i:0;s:23:\"uagb\/social-share-child\";i:0;s:16:\"uagb\/star-rating\";i:0;s:23:\"uagb\/sure-cart-checkout\";i:0;s:22:\"uagb\/sure-cart-product\";i:0;s:15:\"uagb\/sure-forms\";i:0;s:22:\"uagb\/table-of-contents\";i:0;s:9:\"uagb\/tabs\";i:0;s:15:\"uagb\/tabs-child\";i:0;s:18:\"uagb\/taxonomy-list\";i:0;s:9:\"uagb\/team\";i:0;s:16:\"uagb\/testimonial\";i:0;s:14:\"uagb\/wp-search\";i:0;s:19:\"uagb\/instagram-feed\";i:0;s:10:\"uagb\/login\";i:0;s:17:\"uagb\/loop-builder\";i:0;s:18:\"uagb\/loop-category\";i:0;s:20:\"uagb\/loop-pagination\";i:0;s:15:\"uagb\/loop-reset\";i:0;s:16:\"uagb\/loop-search\";i:0;s:14:\"uagb\/loop-sort\";i:0;s:17:\"uagb\/loop-wrapper\";i:0;s:13:\"uagb\/register\";i:0;s:19:\"uagb\/register-email\";i:0;s:24:\"uagb\/register-first-name\";i:0;s:23:\"uagb\/register-last-name\";i:0;s:22:\"uagb\/register-password\";i:0;s:30:\"uagb\/register-reenter-password\";i:0;s:19:\"uagb\/register-terms\";i:0;s:22:\"uagb\/register-username\";i:0;}"],"astra_style_timestamp_css":["1776869389"],"rank_math_og_content_image":["a:2:{s:5:\"check\";s:32:\"3f24fbefee37a9a250e5a2000a04c9ae\";s:6:\"images\";a:0:{}}"],"_uag_page_assets":["a:9:{s:3:\"css\";s:0:\"\";s:2:\"js\";s:0:\"\";s:18:\"current_block_list\";a:2:{i:0;s:12:\"core\/heading\";i:1;s:14:\"core\/paragraph\";}s:8:\"uag_flag\";b:0;s:11:\"uag_version\";s:10:\"1777045272\";s:6:\"gfonts\";a:0:{}s:10:\"gfonts_url\";s:0:\"\";s:12:\"gfonts_files\";a:0:{}s:14:\"uag_faq_layout\";b:0;}"]},"uagb_featured_image_src":{"full":false,"thumbnail":false,"medium":false,"medium_large":false,"large":false,"1536x1536":false,"2048x2048":false},"uagb_author_info":{"display_name":"developer","author_link":"https:\/\/www.pumacy.com\/de\/author\/sheikh_web\/"},"uagb_comment_info":0,"uagb_excerpt":"AUF ALLE EINFL\u00dcSSE DES GESUNDHEITSWESENS GUT VORBEREITET SEIN Aktuelle Megatrends wie Globalisierung, Bev\u00f6lkerungswachstum und Nachhaltigkeit haben einen starken Einfluss auf alle industriellen Dom\u00e4nen, wirken aber in besonderem Ma\u00dfe auf das Gesundheitswesen. Hierbei sind alle am Gesundheitssystem beteiligten Bereiche betroffen: angefangen bei medizinischen Versorgungseinrichtungen wie Arztpraxen oder Krankenh\u00e4usern \u00fcber Anbieter und Hersteller von Pharmazeutika, biotechnologischer oder&hellip;","_links":{"self":[{"href":"https:\/\/www.pumacy.com\/de\/wp-json\/wp\/v2\/pages\/1683","targetHints":{"allow":["GET"]}}],"collection":[{"href":"https:\/\/www.pumacy.com\/de\/wp-json\/wp\/v2\/pages"}],"about":[{"href":"https:\/\/www.pumacy.com\/de\/wp-json\/wp\/v2\/types\/page"}],"author":[{"embeddable":true,"href":"https:\/\/www.pumacy.com\/de\/wp-json\/wp\/v2\/users\/3"}],"replies":[{"embeddable":true,"href":"https:\/\/www.pumacy.com\/de\/wp-json\/wp\/v2\/comments?post=1683"}],"version-history":[{"count":1,"href":"https:\/\/www.pumacy.com\/de\/wp-json\/wp\/v2\/pages\/1683\/revisions"}],"predecessor-version":[{"id":1684,"href":"https:\/\/www.pumacy.com\/de\/wp-json\/wp\/v2\/pages\/1683\/revisions\/1684"}],"wp:attachment":[{"href":"https:\/\/www.pumacy.com\/de\/wp-json\/wp\/v2\/media?parent=1683"}],"curies":[{"name":"wp","href":"https:\/\/api.w.org\/{rel}","templated":true}]}}