{"id":1729,"date":"2020-10-15T21:13:02","date_gmt":"2020-10-15T21:13:02","guid":{"rendered":"https:\/\/pumacy.com\/?page_id=1729"},"modified":"2021-07-28T20:23:24","modified_gmt":"2021-07-28T20:23:24","slug":"prototyping-experimente","status":"publish","type":"page","link":"https:\/\/www.pumacy.com\/de\/prototyping-experimente\/","title":{"rendered":"Prototyping und technische Experimente"},"content":{"rendered":"\n<p>Durch unsere enge Verzahnung mit Universit\u00e4ten, Hochschulen und Forschungsinstituten auf der einen Seite sowie Forschungsabteilungen von Industrieunternehmen auf der anderen Seite, werden an uns regelunterschiedlichste theoretische Konzepte und Versuchsbeschreibungen herangetragen, die es gilt, in der Praxis zu \u00fcberpr\u00fcfen. Aber auch viele eigene Arbeiten aus unserer Produktforschung erreichen ein Stadium, in der sie in einem Versuchsaufbau experimentell erprobt werden m\u00fcssen.<\/p>\n\n\n\n<p>Ein typisches Experiment oder eine Prototypenentwicklung l\u00e4uft \u00fcber einen Zeitraum von sechs bis zw\u00f6lf Monaten. Ziel ist dabei immer, einen Entwicklungsstand zu erreichen, der eine klare Bewertung dar\u00fcber erlaubt, ob sich das avisierte Produkt oder Verfahren erfolgreich in die industrielle Praxis \u00fcberf\u00fchren l\u00e4sst.<\/p>\n\n\n\n<p>Folgende Experimente bzw. Versuchsaufbauten f\u00fchren wir derzeit durch, oder haben wir in der letzten Zeit abgeschlossen:<\/p>\n\n\n\n<h2 class=\"wp-block-heading\">Offset-Technologie f\u00fcr Semantische Service-Cockpits (OffTech-SSC)<\/h2>\n\n\n\n<div class=\"wp-block-media-text alignwide is-stacked-on-mobile\" style=\"grid-template-columns:31% auto\"><figure class=\"wp-block-media-text__media\"><img loading=\"lazy\" decoding=\"async\" width=\"937\" height=\"577\" src=\"https:\/\/www.pumacy.com\/wp-content\/uploads\/2020\/10\/pumacy-forschung-projekt-offtech-ssc.jpg\" alt=\"\" class=\"wp-image-1732 size-full\" srcset=\"https:\/\/www.pumacy.com\/wp-content\/uploads\/2020\/10\/pumacy-forschung-projekt-offtech-ssc.jpg 937w, https:\/\/www.pumacy.com\/wp-content\/uploads\/2020\/10\/pumacy-forschung-projekt-offtech-ssc-300x185.jpg 300w, https:\/\/www.pumacy.com\/wp-content\/uploads\/2020\/10\/pumacy-forschung-projekt-offtech-ssc-768x473.jpg 768w\" sizes=\"auto, (max-width: 937px) 100vw, 937px\" \/><\/figure><div class=\"wp-block-media-text__content\">\n<p>Das Ziel von OffTech-SSC ist eine Machbarkeitsstudie, die die Entwicklung einer halbautomatischen Offset-Technologie bewertet, die mit sogenannten \u201eSemantischen Service-Cockpits\u201c gekoppelt werden kann. Ein Semantisches Service-Cockpit (SSC) besteht aus einer Semantischen Service-Datenbank, einer Wissensdatenbank, die alle f\u00fcr die Wartung erforderlichen Informationen mit den zuvor impliziten Erfahrungen auf der Grundlage der Wartungsphilosophie zusammenstellt.<\/p>\n<\/div><\/div>\n","protected":false},"excerpt":{"rendered":"<p>Durch unsere enge Verzahnung mit Universit\u00e4ten, Hochschulen und Forschungsinstituten auf der einen Seite sowie Forschungsabteilungen von Industrieunternehmen auf der anderen Seite, werden an uns regelunterschiedlichste theoretische Konzepte und Versuchsbeschreibungen herangetragen, die es gilt, in der Praxis zu \u00fcberpr\u00fcfen. Aber auch viele eigene Arbeiten aus unserer Produktforschung erreichen ein Stadium, in der sie in einem Versuchsaufbau [&hellip;]<\/p>\n","protected":false},"author":2,"featured_media":0,"parent":0,"menu_order":1,"comment_status":"closed","ping_status":"closed","template":"","meta":{"_uag_custom_page_level_css":"","site-sidebar-layout":"default","site-content-layout":"default","ast-site-content-layout":"default","site-content-style":"default","site-sidebar-style":"default","ast-global-header-display":"","ast-banner-title-visibility":"","ast-main-header-display":"","ast-hfb-above-header-display":"","ast-hfb-below-header-display":"","ast-hfb-mobile-header-display":"","site-post-title":"","ast-breadcrumbs-content":"","ast-featured-img":"","footer-sml-layout":"","ast-disable-related-posts":"","theme-transparent-header-meta":"default","adv-header-id-meta":"","stick-header-meta":"","header-above-stick-meta":"","header-main-stick-meta":"","header-below-stick-meta":"","astra-migrate-meta-layouts":"default","ast-page-background-enabled":"default","ast-page-background-meta":{"desktop":{"background-color":"","background-image":"","background-repeat":"repeat","background-position":"center center","background-size":"auto","background-attachment":"scroll","background-type":"","background-media":"","overlay-type":"","overlay-color":"","overlay-opacity":"","overlay-gradient":""},"tablet":{"background-color":"","background-image":"","background-repeat":"repeat","background-position":"center center","background-size":"auto","background-attachment":"scroll","background-type":"","background-media":"","overlay-type":"","overlay-color":"","overlay-opacity":"","overlay-gradient":""},"mobile":{"background-color":"","background-image":"","background-repeat":"repeat","background-position":"center center","background-size":"auto","background-attachment":"scroll","background-type":"","background-media":"","overlay-type":"","overlay-color":"","overlay-opacity":"","overlay-gradient":""}},"ast-content-background-meta":{"desktop":{"background-color":"var(--ast-global-color-5)","background-image":"","background-repeat":"repeat","background-position":"center center","background-size":"auto","background-attachment":"scroll","background-type":"","background-media":"","overlay-type":"","overlay-color":"","overlay-opacity":"","overlay-gradient":""},"tablet":{"background-color":"var(--ast-global-color-5)","background-image":"","background-repeat":"repeat","background-position":"center center","background-size":"auto","background-attachment":"scroll","background-type":"","background-media":"","overlay-type":"","overlay-color":"","overlay-opacity":"","overlay-gradient":""},"mobile":{"background-color":"var(--ast-global-color-5)","background-image":"","background-repeat":"repeat","background-position":"center center","background-size":"auto","background-attachment":"scroll","background-type":"","background-media":"","overlay-type":"","overlay-color":"","overlay-opacity":"","overlay-gradient":""}},"footnotes":""},"class_list":["post-1729","page","type-page","status-publish","hentry"],"spectra_custom_meta":{"_wpml_word_count":["{\"total\":0,\"to_translate\":{\"en\":1,\"de\":1}}","{\"total\":0,\"to_translate\":{\"en\":2,\"de\":2}}"],"_wpml_media_featured":["1"],"_wpml_media_duplicate":["1"],"_top_nav_excluded":[""],"_cms_nav_minihome":[""],"_dp_original":["1652"],"site-sidebar-layout":["default"],"site-content-layout":["default"],"theme-transparent-header-meta":["default"],"_wp_page_template":[""],"_last_translation_edit_mode":["native-editor"],"_edit_lock":["1627504002:2"],"_edit_last":["2"],"_uagb_previous_block_counts":["a:90:{s:21:\"uagb\/advanced-heading\";i:0;s:15:\"uagb\/blockquote\";i:0;s:12:\"uagb\/buttons\";i:0;s:18:\"uagb\/buttons-child\";i:0;s:19:\"uagb\/call-to-action\";i:0;s:15:\"uagb\/cf7-styler\";i:0;s:11:\"uagb\/column\";i:0;s:12:\"uagb\/columns\";i:0;s:14:\"uagb\/container\";i:0;s:21:\"uagb\/content-timeline\";i:0;s:27:\"uagb\/content-timeline-child\";i:0;s:14:\"uagb\/countdown\";i:0;s:12:\"uagb\/counter\";i:0;s:8:\"uagb\/faq\";i:0;s:14:\"uagb\/faq-child\";i:0;s:10:\"uagb\/forms\";i:0;s:17:\"uagb\/forms-accept\";i:0;s:19:\"uagb\/forms-checkbox\";i:0;s:15:\"uagb\/forms-date\";i:0;s:16:\"uagb\/forms-email\";i:0;s:17:\"uagb\/forms-hidden\";i:0;s:15:\"uagb\/forms-name\";i:0;s:16:\"uagb\/forms-phone\";i:0;s:16:\"uagb\/forms-radio\";i:0;s:17:\"uagb\/forms-select\";i:0;s:19:\"uagb\/forms-textarea\";i:0;s:17:\"uagb\/forms-toggle\";i:0;s:14:\"uagb\/forms-url\";i:0;s:14:\"uagb\/gf-styler\";i:0;s:15:\"uagb\/google-map\";i:0;s:11:\"uagb\/how-to\";i:0;s:16:\"uagb\/how-to-step\";i:0;s:9:\"uagb\/icon\";i:0;s:14:\"uagb\/icon-list\";i:0;s:20:\"uagb\/icon-list-child\";i:0;s:10:\"uagb\/image\";i:0;s:18:\"uagb\/image-gallery\";i:0;s:13:\"uagb\/info-box\";i:0;s:18:\"uagb\/inline-notice\";i:0;s:11:\"uagb\/lottie\";i:0;s:21:\"uagb\/marketing-button\";i:0;s:10:\"uagb\/modal\";i:0;s:18:\"uagb\/popup-builder\";i:0;s:16:\"uagb\/post-button\";i:0;s:18:\"uagb\/post-carousel\";i:0;s:17:\"uagb\/post-excerpt\";i:0;s:14:\"uagb\/post-grid\";i:0;s:15:\"uagb\/post-image\";i:0;s:17:\"uagb\/post-masonry\";i:0;s:14:\"uagb\/post-meta\";i:0;s:18:\"uagb\/post-taxonomy\";i:0;s:18:\"uagb\/post-timeline\";i:0;s:15:\"uagb\/post-title\";i:0;s:20:\"uagb\/restaurant-menu\";i:0;s:26:\"uagb\/restaurant-menu-child\";i:0;s:11:\"uagb\/review\";i:0;s:12:\"uagb\/section\";i:0;s:14:\"uagb\/separator\";i:0;s:11:\"uagb\/slider\";i:0;s:17:\"uagb\/slider-child\";i:0;s:17:\"uagb\/social-share\";i:0;s:23:\"uagb\/social-share-child\";i:0;s:16:\"uagb\/star-rating\";i:0;s:23:\"uagb\/sure-cart-checkout\";i:0;s:22:\"uagb\/sure-cart-product\";i:0;s:15:\"uagb\/sure-forms\";i:0;s:22:\"uagb\/table-of-contents\";i:0;s:9:\"uagb\/tabs\";i:0;s:15:\"uagb\/tabs-child\";i:0;s:18:\"uagb\/taxonomy-list\";i:0;s:9:\"uagb\/team\";i:0;s:16:\"uagb\/testimonial\";i:0;s:14:\"uagb\/wp-search\";i:0;s:19:\"uagb\/instagram-feed\";i:0;s:10:\"uagb\/login\";i:0;s:17:\"uagb\/loop-builder\";i:0;s:18:\"uagb\/loop-category\";i:0;s:20:\"uagb\/loop-pagination\";i:0;s:15:\"uagb\/loop-reset\";i:0;s:16:\"uagb\/loop-search\";i:0;s:14:\"uagb\/loop-sort\";i:0;s:17:\"uagb\/loop-wrapper\";i:0;s:13:\"uagb\/register\";i:0;s:19:\"uagb\/register-email\";i:0;s:24:\"uagb\/register-first-name\";i:0;s:23:\"uagb\/register-last-name\";i:0;s:22:\"uagb\/register-password\";i:0;s:30:\"uagb\/register-reenter-password\";i:0;s:19:\"uagb\/register-terms\";i:0;s:22:\"uagb\/register-username\";i:0;}"],"astra_style_timestamp_css":["1776910702"],"rank_math_og_content_image":["a:2:{s:5:\"check\";s:32:\"507d6a70359c8b8e51980cafab946e71\";s:6:\"images\";a:1:{i:0;i:1732;}}"],"_uag_page_assets":["a:9:{s:3:\"css\";s:0:\"\";s:2:\"js\";s:0:\"\";s:18:\"current_block_list\";a:3:{i:0;s:14:\"core\/paragraph\";i:1;s:12:\"core\/heading\";i:2;s:15:\"core\/media-text\";}s:8:\"uag_flag\";b:0;s:11:\"uag_version\";s:10:\"1777045272\";s:6:\"gfonts\";a:0:{}s:10:\"gfonts_url\";s:0:\"\";s:12:\"gfonts_files\";a:0:{}s:14:\"uag_faq_layout\";b:0;}"]},"uagb_featured_image_src":{"full":false,"thumbnail":false,"medium":false,"medium_large":false,"large":false,"1536x1536":false,"2048x2048":false},"uagb_author_info":{"display_name":"Toralf Kahlert","author_link":"https:\/\/www.pumacy.com\/de\/author\/tkahlert\/"},"uagb_comment_info":0,"uagb_excerpt":"Durch unsere enge Verzahnung mit Universit\u00e4ten, Hochschulen und Forschungsinstituten auf der einen Seite sowie Forschungsabteilungen von Industrieunternehmen auf der anderen Seite, werden an uns regelunterschiedlichste theoretische Konzepte und Versuchsbeschreibungen herangetragen, die es gilt, in der Praxis zu \u00fcberpr\u00fcfen. Aber auch viele eigene Arbeiten aus unserer Produktforschung erreichen ein Stadium, in der sie in einem Versuchsaufbau&hellip;","_links":{"self":[{"href":"https:\/\/www.pumacy.com\/de\/wp-json\/wp\/v2\/pages\/1729","targetHints":{"allow":["GET"]}}],"collection":[{"href":"https:\/\/www.pumacy.com\/de\/wp-json\/wp\/v2\/pages"}],"about":[{"href":"https:\/\/www.pumacy.com\/de\/wp-json\/wp\/v2\/types\/page"}],"author":[{"embeddable":true,"href":"https:\/\/www.pumacy.com\/de\/wp-json\/wp\/v2\/users\/2"}],"replies":[{"embeddable":true,"href":"https:\/\/www.pumacy.com\/de\/wp-json\/wp\/v2\/comments?post=1729"}],"version-history":[{"count":5,"href":"https:\/\/www.pumacy.com\/de\/wp-json\/wp\/v2\/pages\/1729\/revisions"}],"predecessor-version":[{"id":2105,"href":"https:\/\/www.pumacy.com\/de\/wp-json\/wp\/v2\/pages\/1729\/revisions\/2105"}],"wp:attachment":[{"href":"https:\/\/www.pumacy.com\/de\/wp-json\/wp\/v2\/media?parent=1729"}],"curies":[{"name":"wp","href":"https:\/\/api.w.org\/{rel}","templated":true}]}}