{"id":1866,"date":"2021-07-05T12:37:36","date_gmt":"2021-07-05T12:37:36","guid":{"rendered":"https:\/\/pumacy.com\/uebersicht\/"},"modified":"2021-07-05T12:37:40","modified_gmt":"2021-07-05T12:37:40","slug":"uebersicht","status":"publish","type":"page","link":"https:\/\/www.pumacy.com\/de\/uebersicht\/","title":{"rendered":"\u00dcbersicht"},"content":{"rendered":"\n<div style=\"height:100px\" aria-hidden=\"true\" class=\"wp-block-spacer\"><\/div>\n\n<div class=\"wp-block-uagb-advanced-heading uagb-block-387eb0de\"><h2 class=\"uagb-heading-text\">\u00dcbersicht<\/h2><div class=\"uagb-separator-wrap\"><div class=\"uagb-separator\"><\/div><\/div><p class=\"uagb-desc-text\"><\/p><\/div>\n\n<div style=\"height:100px\" aria-hidden=\"true\" class=\"wp-block-spacer\"><\/div>\n\n<h2 class=\"wp-block-heading\">WISSEN NUTZEN \u2013 WERTE SCHAFFEN<\/h2>\n\n<p>Seit \u00fcber 15 Jahren bef\u00e4higen wir unsere Kunden, Produkt- und Prozesswissen sowie die Ideen und Erfahrungen ihrer Mitarbeiter optimal im Unternehmen einzusetzen. Hierzu haben wir in der Industrie w\u00e4hrend einer Vielzahl von Beratungs- und Softwareprojekten eine einzigartige Systematik entwickelt. F\u00fcr uns stehen der Mensch und die Gestaltung einer organisationsspezifischen Wissenskultur im Mittelpunkt. Zugleich greifen wir auf ein erprobtes Methoden- und Softwareportfolio zur\u00fcck. Als Ergebnis erhalten unsere Kunden eine individuelle L\u00f6sung, aus ihrem Wissen stabile Werte zu schaffen.<\/p>\n\n<h4 class=\"has-text-align-center wp-block-heading\"><strong>Erfahren Sie mehr \u00fcber uns in unserem<\/strong>&#13;\n&#13;\n<strong><a href=\"http:\/\/www.youtube.com\/watch?v=U9eiOdVtqhA\" target=\"_blank\" rel=\"noopener\" data-rel=\"prettyPhoto-video-0\">image film<\/a><\/strong><\/h4>\n<figure class=\"wp-block-embed is-type-video is-provider-youtube wp-block-embed-youtube wp-embed-aspect-16-9 wp-has-aspect-ratio\"><div class=\"wp-block-embed__wrapper\">\r\n<iframe loading=\"lazy\" title=\"Imagefilm Pumacy Technologies AG\" width=\"500\" height=\"281\" src=\"https:\/\/www.youtube.com\/embed\/U9eiOdVtqhA?feature=oembed\" frameborder=\"0\" allow=\"accelerometer; autoplay; clipboard-write; encrypted-media; gyroscope; picture-in-picture; web-share\" referrerpolicy=\"strict-origin-when-cross-origin\" allowfullscreen><\/iframe>\r\n<\/div><\/figure>\r\n\n<div style=\"height:55px\" aria-hidden=\"true\" class=\"wp-block-spacer\"><\/div>\n\n<div class=\"wp-block-uagb-advanced-heading uagb-block-165fd9e2\"><h2 class=\"uagb-heading-text\">UNSER LEITBILD<\/h2><div class=\"uagb-separator-wrap\"><div class=\"uagb-separator\"><\/div><\/div><p class=\"uagb-desc-text\"><\/p><\/div>\n\n<p>In diesem Unternehmensleitbild sind unsere Werte und das, was uns als Pumacy ausmacht, festgehalten. Wir als Organisation versuchen bestm\u00f6glich, diese zu leben und umzusetzen. Dies ist ein gegenseitiges Versprechen, welches alle Mitarbeiter und F\u00fchrungskr\u00e4fte einbezieht.<\/p>\n\n<p>1. Our greatest asset is our quality. We are convinced of our own products and services and we use them ourselves.<\/p>\n\n<p>2. We see our solutions as a contribution to comprehensive added value for the customer. Our work focuses on their satisfaction.<\/p>\n\n<p>3. We work with flat hierarchies in an atmosphere of partnership that is characterized by transparency and respect.<\/p>\n\n<p>4. Equal opportunities, family-friendliness, a good work-life balance and freedom to pursue your own ideas are of particular importance to us.<\/p>\n\n<p>5. Pumacy as a whole and each individual advocate a sustainable, social, economic and ecological environment.<\/p>\n\n<p>6. We achieve long-term stability through a broad branch structure, continuous trend monitoring and strong employee loyalty, pronounced interdisciplinarity and constant further qualification.<\/p>\n\n<div style=\"height:100px\" aria-hidden=\"true\" class=\"wp-block-spacer\"><\/div>\n","protected":false},"excerpt":{"rendered":"<p>\u00dcbersicht WISSEN NUTZEN \u2013 WERTE SCHAFFEN Seit \u00fcber 15 Jahren bef\u00e4higen wir unsere Kunden, Produkt- und Prozesswissen sowie die Ideen und Erfahrungen ihrer Mitarbeiter optimal im Unternehmen einzusetzen. Hierzu haben wir in der Industrie w\u00e4hrend einer Vielzahl von Beratungs- und Softwareprojekten eine einzigartige Systematik entwickelt. F\u00fcr uns stehen der Mensch und die Gestaltung einer organisationsspezifischen [&hellip;]<\/p>\n","protected":false},"author":3,"featured_media":0,"parent":0,"menu_order":0,"comment_status":"closed","ping_status":"closed","template":"","meta":{"_uag_custom_page_level_css":"","site-sidebar-layout":"no-sidebar","site-content-layout":"page-builder","ast-site-content-layout":"default","site-content-style":"default","site-sidebar-style":"default","ast-global-header-display":"","ast-banner-title-visibility":"","ast-main-header-display":"","ast-hfb-above-header-display":"","ast-hfb-below-header-display":"","ast-hfb-mobile-header-display":"","site-post-title":"disabled","ast-breadcrumbs-content":"","ast-featured-img":"disabled","footer-sml-layout":"","ast-disable-related-posts":"","theme-transparent-header-meta":"default","adv-header-id-meta":"","stick-header-meta":"","header-above-stick-meta":"","header-main-stick-meta":"","header-below-stick-meta":"","astra-migrate-meta-layouts":"default","ast-page-background-enabled":"default","ast-page-background-meta":{"desktop":{"background-color":"","background-image":"","background-repeat":"repeat","background-position":"center center","background-size":"auto","background-attachment":"scroll","background-type":"","background-media":"","overlay-type":"","overlay-color":"","overlay-opacity":"","overlay-gradient":""},"tablet":{"background-color":"","background-image":"","background-repeat":"repeat","background-position":"center center","background-size":"auto","background-attachment":"scroll","background-type":"","background-media":"","overlay-type":"","overlay-color":"","overlay-opacity":"","overlay-gradient":""},"mobile":{"background-color":"","background-image":"","background-repeat":"repeat","background-position":"center center","background-size":"auto","background-attachment":"scroll","background-type":"","background-media":"","overlay-type":"","overlay-color":"","overlay-opacity":"","overlay-gradient":""}},"ast-content-background-meta":{"desktop":{"background-color":"var(--ast-global-color-5)","background-image":"","background-repeat":"repeat","background-position":"center center","background-size":"auto","background-attachment":"scroll","background-type":"","background-media":"","overlay-type":"","overlay-color":"","overlay-opacity":"","overlay-gradient":""},"tablet":{"background-color":"var(--ast-global-color-5)","background-image":"","background-repeat":"repeat","background-position":"center center","background-size":"auto","background-attachment":"scroll","background-type":"","background-media":"","overlay-type":"","overlay-color":"","overlay-opacity":"","overlay-gradient":""},"mobile":{"background-color":"var(--ast-global-color-5)","background-image":"","background-repeat":"repeat","background-position":"center center","background-size":"auto","background-attachment":"scroll","background-type":"","background-media":"","overlay-type":"","overlay-color":"","overlay-opacity":"","overlay-gradient":""}},"footnotes":""},"class_list":["post-1866","page","type-page","status-publish","hentry"],"spectra_custom_meta":{"_wpml_word_count":["{\"total\":0,\"to_translate\":{\"en\":2,\"de\":2}}"],"site-post-title":["disabled"],"site-sidebar-layout":["no-sidebar"],"site-content-layout":["page-builder"],"ast-featured-img":["disabled"],"theme-transparent-header-meta":["default"],"_top_nav_excluded":[""],"_cms_nav_minihome":[""],"_wp_page_template":["default"],"_last_translation_edit_mode":["translation-editor"],"_oembed_d96fa5784bde94601c3db2ac6a34583f":["<iframe title=\"Imagefilm Pumacy Technologies AG\" width=\"1200\" height=\"675\" src=\"https:\/\/www.youtube.com\/embed\/U9eiOdVtqhA?feature=oembed\" frameborder=\"0\" allow=\"accelerometer; autoplay; clipboard-write; encrypted-media; gyroscope; picture-in-picture\" allowfullscreen><\/iframe>"],"_oembed_time_d96fa5784bde94601c3db2ac6a34583f":["1625489543"],"_oembed_a69fefb78b984338c30d9e1c3635f62e":["<iframe title=\"Imagefilm Pumacy Technologies AG\" width=\"500\" height=\"281\" src=\"https:\/\/www.youtube.com\/embed\/U9eiOdVtqhA?feature=oembed\" frameborder=\"0\" allow=\"accelerometer; autoplay; clipboard-write; encrypted-media; gyroscope; picture-in-picture\" allowfullscreen><\/iframe>"],"_oembed_time_a69fefb78b984338c30d9e1c3635f62e":["1637478425"],"_oembed_cc6fb01f0e55691d805277ddedccc23e":["<iframe title=\"Imagefilm Pumacy Technologies AG\" width=\"500\" height=\"281\" src=\"https:\/\/www.youtube.com\/embed\/U9eiOdVtqhA?feature=oembed\" frameborder=\"0\" allow=\"accelerometer; autoplay; clipboard-write; encrypted-media; gyroscope; picture-in-picture; web-share\" referrerpolicy=\"strict-origin-when-cross-origin\" allowfullscreen><\/iframe>"],"_oembed_time_cc6fb01f0e55691d805277ddedccc23e":["1712422566"],"_uagb_previous_block_counts":["a:90:{s:21:\"uagb\/advanced-heading\";i:2;s:15:\"uagb\/blockquote\";i:0;s:12:\"uagb\/buttons\";i:0;s:18:\"uagb\/buttons-child\";i:0;s:19:\"uagb\/call-to-action\";i:0;s:15:\"uagb\/cf7-styler\";i:0;s:11:\"uagb\/column\";i:0;s:12:\"uagb\/columns\";i:0;s:14:\"uagb\/container\";i:0;s:21:\"uagb\/content-timeline\";i:0;s:27:\"uagb\/content-timeline-child\";i:0;s:14:\"uagb\/countdown\";i:0;s:12:\"uagb\/counter\";i:0;s:8:\"uagb\/faq\";i:0;s:14:\"uagb\/faq-child\";i:0;s:10:\"uagb\/forms\";i:0;s:17:\"uagb\/forms-accept\";i:0;s:19:\"uagb\/forms-checkbox\";i:0;s:15:\"uagb\/forms-date\";i:0;s:16:\"uagb\/forms-email\";i:0;s:17:\"uagb\/forms-hidden\";i:0;s:15:\"uagb\/forms-name\";i:0;s:16:\"uagb\/forms-phone\";i:0;s:16:\"uagb\/forms-radio\";i:0;s:17:\"uagb\/forms-select\";i:0;s:19:\"uagb\/forms-textarea\";i:0;s:17:\"uagb\/forms-toggle\";i:0;s:14:\"uagb\/forms-url\";i:0;s:14:\"uagb\/gf-styler\";i:0;s:15:\"uagb\/google-map\";i:0;s:11:\"uagb\/how-to\";i:0;s:16:\"uagb\/how-to-step\";i:0;s:9:\"uagb\/icon\";i:0;s:14:\"uagb\/icon-list\";i:0;s:20:\"uagb\/icon-list-child\";i:0;s:10:\"uagb\/image\";i:0;s:18:\"uagb\/image-gallery\";i:0;s:13:\"uagb\/info-box\";i:0;s:18:\"uagb\/inline-notice\";i:0;s:11:\"uagb\/lottie\";i:0;s:21:\"uagb\/marketing-button\";i:0;s:10:\"uagb\/modal\";i:0;s:18:\"uagb\/popup-builder\";i:0;s:16:\"uagb\/post-button\";i:0;s:18:\"uagb\/post-carousel\";i:0;s:17:\"uagb\/post-excerpt\";i:0;s:14:\"uagb\/post-grid\";i:0;s:15:\"uagb\/post-image\";i:0;s:17:\"uagb\/post-masonry\";i:0;s:14:\"uagb\/post-meta\";i:0;s:18:\"uagb\/post-taxonomy\";i:0;s:18:\"uagb\/post-timeline\";i:0;s:15:\"uagb\/post-title\";i:0;s:20:\"uagb\/restaurant-menu\";i:0;s:26:\"uagb\/restaurant-menu-child\";i:0;s:11:\"uagb\/review\";i:0;s:12:\"uagb\/section\";i:0;s:14:\"uagb\/separator\";i:0;s:11:\"uagb\/slider\";i:0;s:17:\"uagb\/slider-child\";i:0;s:17:\"uagb\/social-share\";i:0;s:23:\"uagb\/social-share-child\";i:0;s:16:\"uagb\/star-rating\";i:0;s:23:\"uagb\/sure-cart-checkout\";i:0;s:22:\"uagb\/sure-cart-product\";i:0;s:15:\"uagb\/sure-forms\";i:0;s:22:\"uagb\/table-of-contents\";i:0;s:9:\"uagb\/tabs\";i:0;s:15:\"uagb\/tabs-child\";i:0;s:18:\"uagb\/taxonomy-list\";i:0;s:9:\"uagb\/team\";i:0;s:16:\"uagb\/testimonial\";i:0;s:14:\"uagb\/wp-search\";i:0;s:19:\"uagb\/instagram-feed\";i:0;s:10:\"uagb\/login\";i:0;s:17:\"uagb\/loop-builder\";i:0;s:18:\"uagb\/loop-category\";i:0;s:20:\"uagb\/loop-pagination\";i:0;s:15:\"uagb\/loop-reset\";i:0;s:16:\"uagb\/loop-search\";i:0;s:14:\"uagb\/loop-sort\";i:0;s:17:\"uagb\/loop-wrapper\";i:0;s:13:\"uagb\/register\";i:0;s:19:\"uagb\/register-email\";i:0;s:24:\"uagb\/register-first-name\";i:0;s:23:\"uagb\/register-last-name\";i:0;s:22:\"uagb\/register-password\";i:0;s:30:\"uagb\/register-reenter-password\";i:0;s:19:\"uagb\/register-terms\";i:0;s:22:\"uagb\/register-username\";i:0;}"],"_oembed_27666b45c2aa27d629d480e5e552387d":["<iframe title=\"Imagefilm Pumacy Technologies AG\" width=\"1080\" height=\"608\" src=\"https:\/\/www.youtube.com\/embed\/U9eiOdVtqhA?feature=oembed\" frameborder=\"0\" allow=\"accelerometer; autoplay; clipboard-write; encrypted-media; gyroscope; picture-in-picture; web-share\" referrerpolicy=\"strict-origin-when-cross-origin\" allowfullscreen><\/iframe>"],"_oembed_time_27666b45c2aa27d629d480e5e552387d":["1763035077"],"astra_style_timestamp_css":["1776872656"],"_uagb_last_spectra_edit":["1776763514"],"_uag_page_assets":["a:9:{s:3:\"css\";s:1346:\".wp-block-uagb-advanced-heading.uagb-block-387eb0de.wp-block-uagb-advanced-heading .uagb-desc-text{margin-bottom: 15px;}.wp-block-uagb-advanced-heading.uagb-block-387eb0de.wp-block-uagb-advanced-heading .uagb-highlight{font-style: normal;font-weight: Default;background: #007cba;color: #fff;-webkit-text-fill-color: #fff;}.wp-block-uagb-advanced-heading.uagb-block-387eb0de.wp-block-uagb-advanced-heading .uagb-highlight::-moz-selection{color: #fff;background: #007cba;-webkit-text-fill-color: #fff;}.wp-block-uagb-advanced-heading.uagb-block-387eb0de.wp-block-uagb-advanced-heading .uagb-highlight::selection{color: #fff;background: #007cba;-webkit-text-fill-color: #fff;}.wp-block-uagb-advanced-heading.uagb-block-165fd9e2.wp-block-uagb-advanced-heading .uagb-desc-text{margin-bottom: 15px;}.wp-block-uagb-advanced-heading.uagb-block-165fd9e2.wp-block-uagb-advanced-heading .uagb-highlight{font-style: normal;font-weight: Default;background: #007cba;color: #fff;-webkit-text-fill-color: #fff;}.wp-block-uagb-advanced-heading.uagb-block-165fd9e2.wp-block-uagb-advanced-heading .uagb-highlight::-moz-selection{color: #fff;background: #007cba;-webkit-text-fill-color: #fff;}.wp-block-uagb-advanced-heading.uagb-block-165fd9e2.wp-block-uagb-advanced-heading .uagb-highlight::selection{color: #fff;background: #007cba;-webkit-text-fill-color: #fff;}\";s:2:\"js\";s:0:\"\";s:18:\"current_block_list\";a:5:{i:0;s:11:\"core\/spacer\";i:1;s:21:\"uagb\/advanced-heading\";i:2;s:12:\"core\/heading\";i:3;s:14:\"core\/paragraph\";i:4;s:10:\"core\/embed\";}s:8:\"uag_flag\";b:1;s:11:\"uag_version\";s:10:\"1777045272\";s:6:\"gfonts\";a:0:{}s:10:\"gfonts_url\";s:0:\"\";s:12:\"gfonts_files\";a:0:{}s:14:\"uag_faq_layout\";b:0;}"],"rank_math_internal_links_processed":["1"]},"uagb_featured_image_src":{"full":false,"thumbnail":false,"medium":false,"medium_large":false,"large":false,"1536x1536":false,"2048x2048":false},"uagb_author_info":{"display_name":"developer","author_link":"https:\/\/www.pumacy.com\/de\/author\/sheikh_web\/"},"uagb_comment_info":0,"uagb_excerpt":"\u00dcbersicht WISSEN NUTZEN \u2013 WERTE SCHAFFEN Seit \u00fcber 15 Jahren bef\u00e4higen wir unsere Kunden, Produkt- und Prozesswissen sowie die Ideen und Erfahrungen ihrer Mitarbeiter optimal im Unternehmen einzusetzen. Hierzu haben wir in der Industrie w\u00e4hrend einer Vielzahl von Beratungs- und Softwareprojekten eine einzigartige Systematik entwickelt. F\u00fcr uns stehen der Mensch und die Gestaltung einer organisationsspezifischen&hellip;","_links":{"self":[{"href":"https:\/\/www.pumacy.com\/de\/wp-json\/wp\/v2\/pages\/1866","targetHints":{"allow":["GET"]}}],"collection":[{"href":"https:\/\/www.pumacy.com\/de\/wp-json\/wp\/v2\/pages"}],"about":[{"href":"https:\/\/www.pumacy.com\/de\/wp-json\/wp\/v2\/types\/page"}],"author":[{"embeddable":true,"href":"https:\/\/www.pumacy.com\/de\/wp-json\/wp\/v2\/users\/3"}],"replies":[{"embeddable":true,"href":"https:\/\/www.pumacy.com\/de\/wp-json\/wp\/v2\/comments?post=1866"}],"version-history":[{"count":3,"href":"https:\/\/www.pumacy.com\/de\/wp-json\/wp\/v2\/pages\/1866\/revisions"}],"predecessor-version":[{"id":1869,"href":"https:\/\/www.pumacy.com\/de\/wp-json\/wp\/v2\/pages\/1866\/revisions\/1869"}],"wp:attachment":[{"href":"https:\/\/www.pumacy.com\/de\/wp-json\/wp\/v2\/media?parent=1866"}],"curies":[{"name":"wp","href":"https:\/\/api.w.org\/{rel}","templated":true}]}}