{"id":1879,"date":"2021-07-05T12:57:35","date_gmt":"2021-07-05T12:57:35","guid":{"rendered":"https:\/\/pumacy.com\/wissensmanagement\/"},"modified":"2025-11-13T13:19:03","modified_gmt":"2025-11-13T13:19:03","slug":"wissensmanagement","status":"publish","type":"page","link":"https:\/\/www.pumacy.com\/de\/wissensmanagement\/","title":{"rendered":"Wissensmanagement"},"content":{"rendered":"\n<div style=\"height:100px\" aria-hidden=\"true\" class=\"wp-block-spacer\"><\/div>\n\n\n\n<div class=\"wp-block-uagb-advanced-heading uagb-block-b310e618\"><h2 class=\"uagb-heading-text\">Wissensmanagement<\/h2><div class=\"uagb-separator\"><\/div><\/div>\n\n\n\n<div style=\"height:62px\" aria-hidden=\"true\" class=\"wp-block-spacer\"><\/div>\n\n\n\n<div class=\"wp-block-columns is-layout-flex wp-container-core-columns-is-layout-28f84493 wp-block-columns-is-layout-flex\">\n<div class=\"wp-block-column is-layout-flow wp-block-column-is-layout-flow\" style=\"flex-basis:70%\">\n<p>Beim Wissensmanagement geht es um mehr als nur um die Verwaltung von Informationen und Daten. Es geht um den Umgang mit weichen Elementen wie individuellem Wissen und pers\u00f6nlichem Fachwissen oder der Vernetzung innerhalb einer Organisation.<\/p>\n\n\n\n<p>Das L\u00f6sungspaket von Pumacy Technologies reicht von der Auswahl geeigneter Anwendungen \u00fcber das Screening notwendiger Prozesse bis hin zur Anpassung der internen Organisationskultur. Pumacy arbeitet an Gesch\u00e4ftsentwicklungsstrategien, konzentriert sich auf das Prozessdesign und unterst\u00fctzt die Entscheidungsfindung der Kunden in Bezug auf die erforderlichen Tools und Methoden.<\/p>\n\n\n\n<p>Unser Wissensmanagement-Portfolio umfasst dementsprechend die Konzeption und Umsetzung von Wissensmanagement-Strategien, die Integration von L\u00f6sungen in eine bestehende Organisationsstruktur, die Implementierung und Integration von Softwareanwendungen in Gesch\u00e4ftsprozesse sowie die Unterst\u00fctzung einer nachhaltigen Nutzung des Wissensmanagements im gesamten Unternehmen.<\/p>\n<\/div>\n\n\n\n<div class=\"wp-block-column is-layout-flow wp-block-column-is-layout-flow\">\n<figure class=\"wp-block-image alignright size-large is-resized\"><img decoding=\"async\" src=\"https:\/\/www.pumacy.com\/wp-content\/uploads\/2020\/08\/specialist-knowledge-icon-170X170_tcm29-49538.png\" alt=\"\" style=\"width:192px;height:187px\"\/><\/figure>\n<\/div>\n<\/div>\n\n\n\n<div class=\"wp-block-columns is-layout-flex wp-container-core-columns-is-layout-28f84493 wp-block-columns-is-layout-flex\">\n<div class=\"wp-block-column is-layout-flow wp-block-column-is-layout-flow\">\n<h4 class=\"wp-block-heading has-text-align-center has-white-color has-text-color has-background\" style=\"background-color:#368058\">WIR BIETEN AUSBILDUNGEN, DIE SPEZIFISCHE ANFORDERUNGEN AN DAS WISSENSMANAGEMENT (K.TRAININGS) ERF\u00dcLLEN:<\/h4>\n\n\n\n<div class=\"wp-block-columns is-layout-flex wp-container-core-columns-is-layout-28f84493 wp-block-columns-is-layout-flex\">\n<div class=\"wp-block-column is-layout-flow wp-block-column-is-layout-flow\">\n<div class=\"wp-block-buttons is-horizontal is-content-justification-center is-layout-flex wp-container-core-buttons-is-layout-03627597 wp-block-buttons-is-layout-flex\">\n<div class=\"wp-block-button\"><a class=\"wp-block-button__link wp-element-button\"><strong>K.LESSONS<\/strong><\/a><\/div>\n<\/div>\n<\/div>\n\n\n\n<div class=\"wp-block-column is-layout-flow wp-block-column-is-layout-flow\">\n<div class=\"wp-block-buttons is-horizontal is-content-justification-center is-layout-flex wp-container-core-buttons-is-layout-03627597 wp-block-buttons-is-layout-flex\">\n<div class=\"wp-block-button\"><a class=\"wp-block-button__link wp-element-button\"><strong>K.COMMUNITY<\/strong><\/a><\/div>\n<\/div>\n<\/div>\n<\/div>\n<\/div>\n<\/div>\n\n\n\n<p><\/p>\n\n\n\n<div class=\"wp-block-columns is-layout-flex wp-container-core-columns-is-layout-28f84493 wp-block-columns-is-layout-flex\">\n<div class=\"wp-block-column is-layout-flow wp-block-column-is-layout-flow\">\n<h3 class=\"wp-block-heading has-text-align-center\">WISSENSMANAGEMENT-TRENDS 2014-2023: WAS BENUTZER VERWENDEN UND VISION\u00c4RE ERWARTEN<\/h3>\n\n\n\n<p>Eine Trendstudie der Pumacy Technologies AG beantwortet die Frage, welche Wissensmanagement-Ans\u00e4tze eine Chance auf Erfolg haben. Die Autoren haben alle Praktiken auf ihre Verbreitung hin untersucht. Sie verwenden daf\u00fcr den Hype-Cycle-Ansatz. Es zeigt die verschiedenen Phasen der \u00f6ffentlichen Aufmerksamkeit, die eine Innovation w\u00e4hrend der Markteinf\u00fchrung durchl\u00e4uft. Die Tabelle zeigt f\u00fcr jede Methode und Technologie, ob sie bereits in der Produktion eingesetzt wird oder sich noch in der Entwicklung befindet. Zus\u00e4tzlich zu diesem Datum zeigt die Studie, wann sich die verschiedenen Trends des Wissensmanagements etablieren werden. Die Befragten sind alle Benutzer und Vision\u00e4re des Wissensmanagements, die meisten von ihnen in leitenden oder leitenden Positionen in gro\u00dfen Unternehmen.<\/p>\n<\/div>\n<\/div>\n\n\n\n<div style=\"height:55px\" aria-hidden=\"true\" class=\"wp-block-spacer\"><\/div>\n\n\n\n<hr class=\"wp-block-separator has-css-opacity is-style-wide\"\/>\n\n\n\n<div class=\"wp-block-uagb-call-to-action uagb-block-3232408d wp-block-button uagb-cta__outer-wrap\"><div class=\"uagb-cta__wrap\"><h3 class=\"uagb-cta__title\">F\u00fcr weitere Informationen und Download bitte<\/h3><\/div><div class=\"uagb-cta__buttons\"><a href=\"https:\/\/www.pumacy.com\/de\/kontakt\/\" class=\"uagb-cta__button-link-wrapper wp-block-button__link\" target=\"_blank\" rel=\"noopener noreferrer\">Contact Us<svg xmlns=\"https:\/\/www.w3.org\/2000\/svg\" viewBox=\"0 0 512 512\"><path d=\"M504.3 273.6l-112.1 104c-6.992 6.484-17.18 8.218-25.94 4.406c-8.758-3.812-14.42-12.45-14.42-21.1L351.9 288H32C14.33 288 .0002 273.7 .0002 255.1S14.33 224 32 224h319.9l0-72c0-9.547 5.66-18.19 14.42-22c8.754-3.809 18.95-2.075 25.94 4.41l112.1 104C514.6 247.9 514.6 264.1 504.3 273.6z\"><\/path><\/svg><\/a><\/div><\/div>\n\n\n\n<div style=\"height:55px\" aria-hidden=\"true\" class=\"wp-block-spacer\"><\/div>\n","protected":false},"excerpt":{"rendered":"<p>Wissensmanagement Beim Wissensmanagement geht es um mehr als nur um die Verwaltung von Informationen und Daten. Es geht um den Umgang mit weichen Elementen wie individuellem Wissen und pers\u00f6nlichem Fachwissen oder der Vernetzung innerhalb einer Organisation. Das L\u00f6sungspaket von Pumacy Technologies reicht von der Auswahl geeigneter Anwendungen \u00fcber das Screening notwendiger Prozesse bis hin zur [&hellip;]<\/p>\n","protected":false},"author":3,"featured_media":0,"parent":0,"menu_order":0,"comment_status":"closed","ping_status":"closed","template":"","meta":{"_uag_custom_page_level_css":"","site-sidebar-layout":"no-sidebar","site-content-layout":"page-builder","ast-site-content-layout":"full-width-container","site-content-style":"unboxed","site-sidebar-style":"unboxed","ast-global-header-display":"","ast-banner-title-visibility":"","ast-main-header-display":"","ast-hfb-above-header-display":"","ast-hfb-below-header-display":"","ast-hfb-mobile-header-display":"","site-post-title":"disabled","ast-breadcrumbs-content":"","ast-featured-img":"disabled","footer-sml-layout":"","ast-disable-related-posts":"","theme-transparent-header-meta":"default","adv-header-id-meta":"","stick-header-meta":"","header-above-stick-meta":"","header-main-stick-meta":"","header-below-stick-meta":"","astra-migrate-meta-layouts":"set","ast-page-background-enabled":"default","ast-page-background-meta":{"desktop":{"background-color":"","background-image":"","background-repeat":"repeat","background-position":"center center","background-size":"auto","background-attachment":"scroll","background-type":"","background-media":"","overlay-type":"","overlay-color":"","overlay-opacity":"","overlay-gradient":""},"tablet":{"background-color":"","background-image":"","background-repeat":"repeat","background-position":"center center","background-size":"auto","background-attachment":"scroll","background-type":"","background-media":"","overlay-type":"","overlay-color":"","overlay-opacity":"","overlay-gradient":""},"mobile":{"background-color":"","background-image":"","background-repeat":"repeat","background-position":"center center","background-size":"auto","background-attachment":"scroll","background-type":"","background-media":"","overlay-type":"","overlay-color":"","overlay-opacity":"","overlay-gradient":""}},"ast-content-background-meta":{"desktop":{"background-color":"var(--ast-global-color-5)","background-image":"","background-repeat":"repeat","background-position":"center center","background-size":"auto","background-attachment":"scroll","background-type":"","background-media":"","overlay-type":"","overlay-color":"","overlay-opacity":"","overlay-gradient":""},"tablet":{"background-color":"var(--ast-global-color-5)","background-image":"","background-repeat":"repeat","background-position":"center center","background-size":"auto","background-attachment":"scroll","background-type":"","background-media":"","overlay-type":"","overlay-color":"","overlay-opacity":"","overlay-gradient":""},"mobile":{"background-color":"var(--ast-global-color-5)","background-image":"","background-repeat":"repeat","background-position":"center center","background-size":"auto","background-attachment":"scroll","background-type":"","background-media":"","overlay-type":"","overlay-color":"","overlay-opacity":"","overlay-gradient":""}},"footnotes":""},"class_list":["post-1879","page","type-page","status-publish","hentry"],"spectra_custom_meta":{"_wpml_word_count":["368"],"site-post-title":["disabled"],"site-sidebar-layout":["no-sidebar"],"site-content-layout":["page-builder"],"ast-featured-img":["disabled"],"theme-transparent-header-meta":["default"],"_top_nav_excluded":[""],"_cms_nav_minihome":[""],"_wp_page_template":["default"],"_last_translation_edit_mode":["native-editor"],"ast-main-header-display":[""],"footer-sml-layout":[""],"ast-breadcrumbs-content":[""],"ast-hfb-above-header-display":[""],"ast-hfb-below-header-display":[""],"ast-hfb-mobile-header-display":[""],"adv-header-id-meta":[""],"stick-header-meta":[""],"header-main-stick-meta":[""],"header-above-stick-meta":[""],"header-below-stick-meta":[""],"ast-banner-title-visibility":[""],"ast-global-header-display":[""],"site-sidebar-style":["unboxed"],"_uagb_previous_block_counts":["a:90:{s:21:\"uagb\/advanced-heading\";i:1;s:15:\"uagb\/blockquote\";i:0;s:12:\"uagb\/buttons\";i:0;s:18:\"uagb\/buttons-child\";i:0;s:19:\"uagb\/call-to-action\";i:1;s:15:\"uagb\/cf7-styler\";i:0;s:11:\"uagb\/column\";i:0;s:12:\"uagb\/columns\";i:0;s:14:\"uagb\/container\";i:0;s:21:\"uagb\/content-timeline\";i:0;s:27:\"uagb\/content-timeline-child\";i:0;s:14:\"uagb\/countdown\";i:0;s:12:\"uagb\/counter\";i:0;s:8:\"uagb\/faq\";i:0;s:14:\"uagb\/faq-child\";i:0;s:10:\"uagb\/forms\";i:0;s:17:\"uagb\/forms-accept\";i:0;s:19:\"uagb\/forms-checkbox\";i:0;s:15:\"uagb\/forms-date\";i:0;s:16:\"uagb\/forms-email\";i:0;s:17:\"uagb\/forms-hidden\";i:0;s:15:\"uagb\/forms-name\";i:0;s:16:\"uagb\/forms-phone\";i:0;s:16:\"uagb\/forms-radio\";i:0;s:17:\"uagb\/forms-select\";i:0;s:19:\"uagb\/forms-textarea\";i:0;s:17:\"uagb\/forms-toggle\";i:0;s:14:\"uagb\/forms-url\";i:0;s:14:\"uagb\/gf-styler\";i:0;s:15:\"uagb\/google-map\";i:0;s:11:\"uagb\/how-to\";i:0;s:16:\"uagb\/how-to-step\";i:0;s:9:\"uagb\/icon\";i:0;s:14:\"uagb\/icon-list\";i:0;s:20:\"uagb\/icon-list-child\";i:0;s:10:\"uagb\/image\";i:0;s:18:\"uagb\/image-gallery\";i:0;s:13:\"uagb\/info-box\";i:0;s:18:\"uagb\/inline-notice\";i:0;s:11:\"uagb\/lottie\";i:0;s:21:\"uagb\/marketing-button\";i:0;s:10:\"uagb\/modal\";i:0;s:18:\"uagb\/popup-builder\";i:0;s:16:\"uagb\/post-button\";i:0;s:18:\"uagb\/post-carousel\";i:0;s:17:\"uagb\/post-excerpt\";i:0;s:14:\"uagb\/post-grid\";i:0;s:15:\"uagb\/post-image\";i:0;s:17:\"uagb\/post-masonry\";i:0;s:14:\"uagb\/post-meta\";i:0;s:18:\"uagb\/post-taxonomy\";i:0;s:18:\"uagb\/post-timeline\";i:0;s:15:\"uagb\/post-title\";i:0;s:20:\"uagb\/restaurant-menu\";i:0;s:26:\"uagb\/restaurant-menu-child\";i:0;s:11:\"uagb\/review\";i:0;s:12:\"uagb\/section\";i:0;s:14:\"uagb\/separator\";i:0;s:11:\"uagb\/slider\";i:0;s:17:\"uagb\/slider-child\";i:0;s:17:\"uagb\/social-share\";i:0;s:23:\"uagb\/social-share-child\";i:0;s:16:\"uagb\/star-rating\";i:0;s:23:\"uagb\/sure-cart-checkout\";i:0;s:22:\"uagb\/sure-cart-product\";i:0;s:15:\"uagb\/sure-forms\";i:0;s:22:\"uagb\/table-of-contents\";i:0;s:9:\"uagb\/tabs\";i:0;s:15:\"uagb\/tabs-child\";i:0;s:18:\"uagb\/taxonomy-list\";i:0;s:9:\"uagb\/team\";i:0;s:16:\"uagb\/testimonial\";i:0;s:14:\"uagb\/wp-search\";i:0;s:19:\"uagb\/instagram-feed\";i:0;s:10:\"uagb\/login\";i:0;s:17:\"uagb\/loop-builder\";i:0;s:18:\"uagb\/loop-category\";i:0;s:20:\"uagb\/loop-pagination\";i:0;s:15:\"uagb\/loop-reset\";i:0;s:16:\"uagb\/loop-search\";i:0;s:14:\"uagb\/loop-sort\";i:0;s:17:\"uagb\/loop-wrapper\";i:0;s:13:\"uagb\/register\";i:0;s:19:\"uagb\/register-email\";i:0;s:24:\"uagb\/register-first-name\";i:0;s:23:\"uagb\/register-last-name\";i:0;s:22:\"uagb\/register-password\";i:0;s:30:\"uagb\/register-reenter-password\";i:0;s:19:\"uagb\/register-terms\";i:0;s:22:\"uagb\/register-username\";i:0;}"],"_edit_lock":["1763040123:4"],"_uag_custom_page_level_css":[""],"astra-migrate-meta-layouts":["set"],"ast-page-background-enabled":["default"],"ast-page-background-meta":["a:3:{s:7:\"desktop\";a:12:{s:16:\"background-color\";s:0:\"\";s:16:\"background-image\";s:0:\"\";s:17:\"background-repeat\";s:6:\"repeat\";s:19:\"background-position\";s:13:\"center center\";s:15:\"background-size\";s:4:\"auto\";s:21:\"background-attachment\";s:6:\"scroll\";s:15:\"background-type\";s:0:\"\";s:16:\"background-media\";s:0:\"\";s:12:\"overlay-type\";s:0:\"\";s:13:\"overlay-color\";s:0:\"\";s:15:\"overlay-opacity\";s:0:\"\";s:16:\"overlay-gradient\";s:0:\"\";}s:6:\"tablet\";a:12:{s:16:\"background-color\";s:0:\"\";s:16:\"background-image\";s:0:\"\";s:17:\"background-repeat\";s:6:\"repeat\";s:19:\"background-position\";s:13:\"center center\";s:15:\"background-size\";s:4:\"auto\";s:21:\"background-attachment\";s:6:\"scroll\";s:15:\"background-type\";s:0:\"\";s:16:\"background-media\";s:0:\"\";s:12:\"overlay-type\";s:0:\"\";s:13:\"overlay-color\";s:0:\"\";s:15:\"overlay-opacity\";s:0:\"\";s:16:\"overlay-gradient\";s:0:\"\";}s:6:\"mobile\";a:12:{s:16:\"background-color\";s:0:\"\";s:16:\"background-image\";s:0:\"\";s:17:\"background-repeat\";s:6:\"repeat\";s:19:\"background-position\";s:13:\"center center\";s:15:\"background-size\";s:4:\"auto\";s:21:\"background-attachment\";s:6:\"scroll\";s:15:\"background-type\";s:0:\"\";s:16:\"background-media\";s:0:\"\";s:12:\"overlay-type\";s:0:\"\";s:13:\"overlay-color\";s:0:\"\";s:15:\"overlay-opacity\";s:0:\"\";s:16:\"overlay-gradient\";s:0:\"\";}}"],"ast-content-background-meta":["a:3:{s:7:\"desktop\";a:12:{s:16:\"background-color\";s:25:\"var(--ast-global-color-5)\";s:16:\"background-image\";s:0:\"\";s:17:\"background-repeat\";s:6:\"repeat\";s:19:\"background-position\";s:13:\"center center\";s:15:\"background-size\";s:4:\"auto\";s:21:\"background-attachment\";s:6:\"scroll\";s:15:\"background-type\";s:0:\"\";s:16:\"background-media\";s:0:\"\";s:12:\"overlay-type\";s:0:\"\";s:13:\"overlay-color\";s:0:\"\";s:15:\"overlay-opacity\";s:0:\"\";s:16:\"overlay-gradient\";s:0:\"\";}s:6:\"tablet\";a:12:{s:16:\"background-color\";s:25:\"var(--ast-global-color-5)\";s:16:\"background-image\";s:0:\"\";s:17:\"background-repeat\";s:6:\"repeat\";s:19:\"background-position\";s:13:\"center center\";s:15:\"background-size\";s:4:\"auto\";s:21:\"background-attachment\";s:6:\"scroll\";s:15:\"background-type\";s:0:\"\";s:16:\"background-media\";s:0:\"\";s:12:\"overlay-type\";s:0:\"\";s:13:\"overlay-color\";s:0:\"\";s:15:\"overlay-opacity\";s:0:\"\";s:16:\"overlay-gradient\";s:0:\"\";}s:6:\"mobile\";a:12:{s:16:\"background-color\";s:25:\"var(--ast-global-color-5)\";s:16:\"background-image\";s:0:\"\";s:17:\"background-repeat\";s:6:\"repeat\";s:19:\"background-position\";s:13:\"center center\";s:15:\"background-size\";s:4:\"auto\";s:21:\"background-attachment\";s:6:\"scroll\";s:15:\"background-type\";s:0:\"\";s:16:\"background-media\";s:0:\"\";s:12:\"overlay-type\";s:0:\"\";s:13:\"overlay-color\";s:0:\"\";s:15:\"overlay-opacity\";s:0:\"\";s:16:\"overlay-gradient\";s:0:\"\";}}"],"footnotes":[""],"_edit_last":["4"],"ast-site-content-layout":["full-width-container"],"site-content-style":["unboxed"],"_wpml_media_duplicate":["1"],"_wpml_media_featured":["1"],"astra_style_timestamp_css":["1776868256"],"_uagb_last_spectra_edit":["1776763514"],"rank_math_og_content_image":["a:2:{s:5:\"check\";s:32:\"38d188470a073278c4a83f65c8ad7c0f\";s:6:\"images\";a:1:{i:0;i:1442;}}"],"_uag_page_assets":["a:9:{s:3:\"css\";s:5630:\".wp-block-uagb-advanced-heading.uagb-block-b310e618.wp-block-uagb-advanced-heading {text-align: center;}.wp-block-uagb-advanced-heading.uagb-block-b310e618.wp-block-uagb-advanced-heading .uagb-desc-text{margin-bottom: 15px;}.wp-block-uagb-advanced-heading.uagb-block-b310e618.wp-block-uagb-advanced-heading .uagb-highlight{font-style: normal;font-weight: Default;background: #007cba;color: #fff;-webkit-text-fill-color: #fff;}.wp-block-uagb-advanced-heading.uagb-block-b310e618.wp-block-uagb-advanced-heading .uagb-highlight::-moz-selection{color: #fff;background: #007cba;-webkit-text-fill-color: #fff;}.wp-block-uagb-advanced-heading.uagb-block-b310e618.wp-block-uagb-advanced-heading .uagb-highlight::selection{color: #fff;background: #007cba;-webkit-text-fill-color: #fff;}.wp-block-uagb-advanced-heading.uagb-block-b310e618.wp-block-uagb-advanced-heading .uagb-separator{border-top-style: solid;border-top-width: 2px;width: 12%;border-color: #368058;margin-bottom: 15px;}.wp-block-uagb-advanced-heading.uagb-block-b310e618 .uagb-heading-text{margin-bottom: 15px;}.uagb-block-3232408d.wp-block-uagb-call-to-action .uagb-cta__title{margin-bottom: 10px;}.uagb-block-3232408d.wp-block-uagb-call-to-action .uagb-cta__desc{margin-bottom: 10px;}.uagb-block-3232408d .uagb-cta__align-button-after{margin-left: 10px;}.uagb-block-3232408d .uagb-cta__align-button-before{margin-right: 10px;}.uagb-block-3232408d .uagb-cta__button-wrapper .uagb-cta__block-link svg{fill: #ffffff;}.uagb-block-3232408d.wp-block-uagb-call-to-action a.uagb-cta__button-link-wrapper > svg{margin-left: 10px;fill: #ffffff;}.uagb-block-3232408d.wp-block-uagb-call-to-action a.uagb-cta-second__button > svg{margin-left: 10px;font-size: 14px;width: 14px;height: 14px;line-height: 14px;}.uagb-block-3232408d .uagb-cta__content-wrap{text-align: left;}.uagb-block-3232408d .uagb-cta__wrap{width: 70%;text-align: left;}.uagb-block-3232408d.wp-block-uagb-call-to-action{text-align: left;}.uagb-block-3232408d .uagb-cta__left-right-wrap .uagb-cta__content{margin-left: 0px;}.uagb-block-3232408d .uagb-cta__buttons{column-gap: 15px;}.uagb-block-3232408d.wp-block-uagb-call-to-action {display: flex;justify-content: space-between;}.uagb-block-3232408d .uagb-cta__content-right .uagb-cta__left-right-wrap .uagb-cta__content{width: 70%;}.uagb-block-3232408d .uagb-cta__content-right .uagb-cta__left-right-wrap .uagb-cta__link-wrapper{width: 30%;}.uagb-block-3232408d.wp-block-uagb-call-to-action a.uagb-cta__button-link-wrapper {align-self: center;height: fit-content;margin-left: auto;}.uagb-block-3232408d.wp-block-uagb-call-to-action  {flex-direction: row;align-items: center;}.uagb-block-3232408d.wp-block-uagb-call-to-action.wp-block-button a.uagb-cta-second__button{align-self: center;height: fit-content;}.uagb-block-3232408d.wp-block-uagb-call-to-action.wp-block-button a.uagb-cta-second__button:hover{background-color: !important;}.uagb-block-3232408d.wp-block-uagb-call-to-action.wp-block-button a.uagb-cta-second__button:focus{background-color: !important;}.uagb-block-3232408d .uagb-cta__button-wrapper a.uagb-cta-typeof-button{color: #ffffff;background-color: #368058;border-top-width: 2px;border-left-width: 2px;border-right-width: 2px;border-bottom-width: 2px;border-top-left-radius: 0px;border-top-right-radius: 0px;border-bottom-left-radius: 0px;border-bottom-right-radius: 0px;border-color: #368058;border-style: solid;}.uagb-block-3232408d.wp-block-uagb-call-to-action.wp-block-button .uagb-cta__buttons a.uagb-cta__button-link-wrapper.wp-block-button__link{color: #ffffff;background-color: #368058;border-top-width: 2px;border-left-width: 2px;border-right-width: 2px;border-bottom-width: 2px;border-top-left-radius: 0px;border-top-right-radius: 0px;border-bottom-left-radius: 0px;border-bottom-right-radius: 0px;border-color: #368058;border-style: solid;}.uagb-block-3232408d.wp-block-uagb-call-to-action a.uagb-cta-second__button{text-transform: normal;text-decoration: none;font-size: 14px;}@media only screen and (max-width: 976px) {.uagb-block-3232408d.wp-block-uagb-call-to-action.uagb-cta__content-stacked-tablet {display: inherit;}.uagb-block-3232408d.uagb-cta__content-stacked-tablet .uagb-cta__wrap{width: 100%;}.uagb-block-3232408d .uagb-cta__content-right .uagb-cta__left-right-wrap .uagb-cta__link-wrapper{width: 30%;}.uagb-block-3232408d .uagb-cta__wrap{text-align: center;}.uagb-block-3232408d.wp-block-uagb-call-to-action {flex-direction: column;align-items: center;}.uagb-block-3232408d.wp-block-uagb-call-to-action a.uagb-cta__button-link-wrapper{border-style: solid;border-color: #368058;}.uagb-block-3232408d.wp-block-uagb-call-to-action.wp-block-button .uagb-cta__buttons a.uagb-cta__button-link-wrapper.wp-block-button__link{border-style: solid;border-color: #368058;}}@media only screen and (max-width: 767px) {.uagb-block-3232408d.wp-block-uagb-call-to-action.uagb-cta__content-stacked-mobile {display: inherit;}.uagb-block-3232408d.uagb-cta__content-stacked-mobile .uagb-cta__wrap{width: 100%;}.uagb-block-3232408d .uagb-cta__buttons{justify-content: center;}.uagb-block-3232408d .uagb-cta__content-right .uagb-cta__left-right-wrap .uagb-cta__link-wrapper{width: 30%;}.uagb-block-3232408d .uagb-cta__wrap{text-align: center;}.uagb-block-3232408d.wp-block-uagb-call-to-action {flex-direction: column;align-items: center;}.uagb-block-3232408d.wp-block-uagb-call-to-action a.uagb-cta__button-link-wrapper{border-style: solid;border-color: #368058;}.uagb-block-3232408d.wp-block-uagb-call-to-action.wp-block-button .uagb-cta__buttons a.uagb-cta__button-link-wrapper.wp-block-button__link{border-style: solid;border-color: #368058;}}\";s:2:\"js\";s:0:\"\";s:18:\"current_block_list\";a:11:{i:0;s:11:\"core\/spacer\";i:1;s:21:\"uagb\/advanced-heading\";i:2;s:12:\"core\/columns\";i:3;s:11:\"core\/column\";i:4;s:14:\"core\/paragraph\";i:6;s:10:\"core\/image\";i:9;s:12:\"core\/heading\";i:12;s:12:\"core\/buttons\";i:13;s:11:\"core\/button\";i:14;s:14:\"core\/separator\";i:15;s:19:\"uagb\/call-to-action\";}s:8:\"uag_flag\";b:1;s:11:\"uag_version\";s:10:\"1777045272\";s:6:\"gfonts\";a:0:{}s:10:\"gfonts_url\";s:0:\"\";s:12:\"gfonts_files\";a:0:{}s:14:\"uag_faq_layout\";b:0;}"],"rank_math_internal_links_processed":["1"]},"uagb_featured_image_src":{"full":false,"thumbnail":false,"medium":false,"medium_large":false,"large":false,"1536x1536":false,"2048x2048":false},"uagb_author_info":{"display_name":"developer","author_link":"https:\/\/www.pumacy.com\/de\/author\/sheikh_web\/"},"uagb_comment_info":0,"uagb_excerpt":"Wissensmanagement Beim Wissensmanagement geht es um mehr als nur um die Verwaltung von Informationen und Daten. Es geht um den Umgang mit weichen Elementen wie individuellem Wissen und pers\u00f6nlichem Fachwissen oder der Vernetzung innerhalb einer Organisation. Das L\u00f6sungspaket von Pumacy Technologies reicht von der Auswahl geeigneter Anwendungen \u00fcber das Screening notwendiger Prozesse bis hin zur&hellip;","_links":{"self":[{"href":"https:\/\/www.pumacy.com\/de\/wp-json\/wp\/v2\/pages\/1879","targetHints":{"allow":["GET"]}}],"collection":[{"href":"https:\/\/www.pumacy.com\/de\/wp-json\/wp\/v2\/pages"}],"about":[{"href":"https:\/\/www.pumacy.com\/de\/wp-json\/wp\/v2\/types\/page"}],"author":[{"embeddable":true,"href":"https:\/\/www.pumacy.com\/de\/wp-json\/wp\/v2\/users\/3"}],"replies":[{"embeddable":true,"href":"https:\/\/www.pumacy.com\/de\/wp-json\/wp\/v2\/comments?post=1879"}],"version-history":[{"count":5,"href":"https:\/\/www.pumacy.com\/de\/wp-json\/wp\/v2\/pages\/1879\/revisions"}],"predecessor-version":[{"id":2233,"href":"https:\/\/www.pumacy.com\/de\/wp-json\/wp\/v2\/pages\/1879\/revisions\/2233"}],"wp:attachment":[{"href":"https:\/\/www.pumacy.com\/de\/wp-json\/wp\/v2\/media?parent=1879"}],"curies":[{"name":"wp","href":"https:\/\/api.w.org\/{rel}","templated":true}]}}