{"id":1881,"date":"2021-07-05T13:02:20","date_gmt":"2021-07-05T13:02:20","guid":{"rendered":"https:\/\/pumacy.com\/prozessmanagement\/"},"modified":"2021-07-05T13:02:20","modified_gmt":"2021-07-05T13:02:20","slug":"prozessmanagement","status":"publish","type":"page","link":"https:\/\/www.pumacy.com\/de\/prozessmanagement\/","title":{"rendered":"Prozessmanagement"},"content":{"rendered":"\n<div style=\"height:100px\" aria-hidden=\"true\" class=\"wp-block-spacer\"><\/div>\n\n<div class=\"wp-block-uagb-advanced-heading uagb-block-898606b5\"><h2 class=\"uagb-heading-text\">Prozessmanagement<\/h2><div class=\"uagb-separator-wrap\"><div class=\"uagb-separator\"><\/div><\/div><p class=\"uagb-desc-text\"><\/p><\/div>\n\n<div style=\"height:47px\" aria-hidden=\"true\" class=\"wp-block-spacer\"><\/div>\n\n<p>Unser Prozessmanagement basiert auf einem integrierten Ansatz, der den gesamten Produktlebenszyklus umfasst. Wir sind bestrebt, einen kontinuierlichen Informations- und Datenfluss sowie ein robustes Prozessmanagement sicherzustellen, das eine optimale Leistung garantiert.<\/p>\n\n<p>Basierend auf der Entwicklung von Optimierungsstrategien bietet Pumacy Beratungsprojekte zur Prozessorganisation und zum Product Lifecycle Management (PLM) an. Dies umfasst die Prozessimplementierung, Analyse, Auswertung sowie Prozessintegration und Erstellung eines Schnittstellenkonzepts. Dar\u00fcber hinaus bieten wir Prozessdesign und Implementierung verschiedener Methoden und Werkzeuge zur Prozessmodellierung und -visualisierung. Wir entwickeln und implementieren Methoden zur Prozessbewertung, um wirtschaftliche Auswirkungen oder St\u00f6rfaktoren abzusch\u00e4tzen und die Organisation Ihrer Prozesse zu optimieren.<\/p>\n\n<div style=\"height:83px\" aria-hidden=\"true\" class=\"wp-block-spacer\"><\/div>\n\n<div class=\"wp-block-uagb-advanced-heading uagb-block-cd73a7ad\"><h2 class=\"uagb-heading-text\">SOFTWAREL\u00d6SUNGEN<\/h2><div class=\"uagb-separator-wrap\"><div class=\"uagb-separator\"><\/div><\/div><p class=\"uagb-desc-text\"><\/p><\/div>\n\n<div style=\"height:47px\" aria-hidden=\"true\" class=\"wp-block-spacer\"><\/div>\n\n<p>Wir unterst\u00fctzen Sie bei der Anpassung und Integration von PLM-Softwareanwendungen. Dies umfasst die Spezifikation von Datenmodellen und Rollenkonzepten sowie die Entwicklung und Implementierung von Anwendungsfunktionen. W\u00e4hrend der Implementierung setzen wir ma\u00dfgeschneiderte Migrationsschemata ein und begleiten den gesamten Prozess.<\/p>\n\n<p>Um eine systematische Anwendung des Prozesswissens in allen Phasen des Produktentwicklungsprozesses zu gew\u00e4hrleisten, pflegt Pumacy Best-Practice-Kenntnisse im Projekt- und Qualit\u00e4tsmanagement mit Fokus auf alle Aspekte, die sich \u00fcber den gesamten Produktlebenszyklus hinweg ergeben \u2013 von der Bedarfsanalyse \u00fcber die Integration neuer Technologien bis zur Verarbeitung.<\/p>\n\n<div style=\"height:100px\" aria-hidden=\"true\" class=\"wp-block-spacer\"><\/div>\n","protected":false},"excerpt":{"rendered":"<p>Prozessmanagement Unser Prozessmanagement basiert auf einem integrierten Ansatz, der den gesamten Produktlebenszyklus umfasst. Wir sind bestrebt, einen kontinuierlichen Informations- und Datenfluss sowie ein robustes Prozessmanagement sicherzustellen, das eine optimale Leistung garantiert. Basierend auf der Entwicklung von Optimierungsstrategien bietet Pumacy Beratungsprojekte zur Prozessorganisation und zum Product Lifecycle Management (PLM) an. Dies umfasst die Prozessimplementierung, Analyse, Auswertung [&hellip;]<\/p>\n","protected":false},"author":3,"featured_media":0,"parent":0,"menu_order":0,"comment_status":"closed","ping_status":"closed","template":"","meta":{"_uag_custom_page_level_css":"","site-sidebar-layout":"no-sidebar","site-content-layout":"page-builder","ast-site-content-layout":"full-width-container","site-content-style":"unboxed","site-sidebar-style":"unboxed","ast-global-header-display":"","ast-banner-title-visibility":"","ast-main-header-display":"","ast-hfb-above-header-display":"","ast-hfb-below-header-display":"","ast-hfb-mobile-header-display":"","site-post-title":"disabled","ast-breadcrumbs-content":"","ast-featured-img":"disabled","footer-sml-layout":"","ast-disable-related-posts":"","theme-transparent-header-meta":"default","adv-header-id-meta":"","stick-header-meta":"","header-above-stick-meta":"","header-main-stick-meta":"","header-below-stick-meta":"","astra-migrate-meta-layouts":"default","ast-page-background-enabled":"default","ast-page-background-meta":{"desktop":{"background-color":"","background-image":"","background-repeat":"repeat","background-position":"center center","background-size":"auto","background-attachment":"scroll","background-type":"","background-media":"","overlay-type":"","overlay-color":"","overlay-opacity":"","overlay-gradient":""},"tablet":{"background-color":"","background-image":"","background-repeat":"repeat","background-position":"center center","background-size":"auto","background-attachment":"scroll","background-type":"","background-media":"","overlay-type":"","overlay-color":"","overlay-opacity":"","overlay-gradient":""},"mobile":{"background-color":"","background-image":"","background-repeat":"repeat","background-position":"center center","background-size":"auto","background-attachment":"scroll","background-type":"","background-media":"","overlay-type":"","overlay-color":"","overlay-opacity":"","overlay-gradient":""}},"ast-content-background-meta":{"desktop":{"background-color":"var(--ast-global-color-5)","background-image":"","background-repeat":"repeat","background-position":"center center","background-size":"auto","background-attachment":"scroll","background-type":"","background-media":"","overlay-type":"","overlay-color":"","overlay-opacity":"","overlay-gradient":""},"tablet":{"background-color":"var(--ast-global-color-5)","background-image":"","background-repeat":"repeat","background-position":"center center","background-size":"auto","background-attachment":"scroll","background-type":"","background-media":"","overlay-type":"","overlay-color":"","overlay-opacity":"","overlay-gradient":""},"mobile":{"background-color":"var(--ast-global-color-5)","background-image":"","background-repeat":"repeat","background-position":"center center","background-size":"auto","background-attachment":"scroll","background-type":"","background-media":"","overlay-type":"","overlay-color":"","overlay-opacity":"","overlay-gradient":""}},"footnotes":""},"class_list":["post-1881","page","type-page","status-publish","hentry"],"spectra_custom_meta":{"_wpml_word_count":["{\"total\":0,\"to_translate\":{\"en\":2,\"de\":2}}"],"site-post-title":["disabled"],"site-sidebar-layout":["no-sidebar"],"site-content-layout":["page-builder"],"ast-featured-img":["disabled"],"theme-transparent-header-meta":["default"],"_top_nav_excluded":[""],"_cms_nav_minihome":[""],"_wp_page_template":["default"],"_last_translation_edit_mode":["translation-editor"],"adv-header-id-meta":[""],"stick-header-meta":[""],"ast-site-content-layout":["full-width-container"],"site-content-style":["unboxed"],"site-sidebar-style":["unboxed"],"_uagb_previous_block_counts":["a:90:{s:21:\"uagb\/advanced-heading\";i:2;s:15:\"uagb\/blockquote\";i:0;s:12:\"uagb\/buttons\";i:0;s:18:\"uagb\/buttons-child\";i:0;s:19:\"uagb\/call-to-action\";i:0;s:15:\"uagb\/cf7-styler\";i:0;s:11:\"uagb\/column\";i:0;s:12:\"uagb\/columns\";i:0;s:14:\"uagb\/container\";i:0;s:21:\"uagb\/content-timeline\";i:0;s:27:\"uagb\/content-timeline-child\";i:0;s:14:\"uagb\/countdown\";i:0;s:12:\"uagb\/counter\";i:0;s:8:\"uagb\/faq\";i:0;s:14:\"uagb\/faq-child\";i:0;s:10:\"uagb\/forms\";i:0;s:17:\"uagb\/forms-accept\";i:0;s:19:\"uagb\/forms-checkbox\";i:0;s:15:\"uagb\/forms-date\";i:0;s:16:\"uagb\/forms-email\";i:0;s:17:\"uagb\/forms-hidden\";i:0;s:15:\"uagb\/forms-name\";i:0;s:16:\"uagb\/forms-phone\";i:0;s:16:\"uagb\/forms-radio\";i:0;s:17:\"uagb\/forms-select\";i:0;s:19:\"uagb\/forms-textarea\";i:0;s:17:\"uagb\/forms-toggle\";i:0;s:14:\"uagb\/forms-url\";i:0;s:14:\"uagb\/gf-styler\";i:0;s:15:\"uagb\/google-map\";i:0;s:11:\"uagb\/how-to\";i:0;s:16:\"uagb\/how-to-step\";i:0;s:9:\"uagb\/icon\";i:0;s:14:\"uagb\/icon-list\";i:0;s:20:\"uagb\/icon-list-child\";i:0;s:10:\"uagb\/image\";i:0;s:18:\"uagb\/image-gallery\";i:0;s:13:\"uagb\/info-box\";i:0;s:18:\"uagb\/inline-notice\";i:0;s:11:\"uagb\/lottie\";i:0;s:21:\"uagb\/marketing-button\";i:0;s:10:\"uagb\/modal\";i:0;s:18:\"uagb\/popup-builder\";i:0;s:16:\"uagb\/post-button\";i:0;s:18:\"uagb\/post-carousel\";i:0;s:17:\"uagb\/post-excerpt\";i:0;s:14:\"uagb\/post-grid\";i:0;s:15:\"uagb\/post-image\";i:0;s:17:\"uagb\/post-masonry\";i:0;s:14:\"uagb\/post-meta\";i:0;s:18:\"uagb\/post-taxonomy\";i:0;s:18:\"uagb\/post-timeline\";i:0;s:15:\"uagb\/post-title\";i:0;s:20:\"uagb\/restaurant-menu\";i:0;s:26:\"uagb\/restaurant-menu-child\";i:0;s:11:\"uagb\/review\";i:0;s:12:\"uagb\/section\";i:0;s:14:\"uagb\/separator\";i:0;s:11:\"uagb\/slider\";i:0;s:17:\"uagb\/slider-child\";i:0;s:17:\"uagb\/social-share\";i:0;s:23:\"uagb\/social-share-child\";i:0;s:16:\"uagb\/star-rating\";i:0;s:23:\"uagb\/sure-cart-checkout\";i:0;s:22:\"uagb\/sure-cart-product\";i:0;s:15:\"uagb\/sure-forms\";i:0;s:22:\"uagb\/table-of-contents\";i:0;s:9:\"uagb\/tabs\";i:0;s:15:\"uagb\/tabs-child\";i:0;s:18:\"uagb\/taxonomy-list\";i:0;s:9:\"uagb\/team\";i:0;s:16:\"uagb\/testimonial\";i:0;s:14:\"uagb\/wp-search\";i:0;s:19:\"uagb\/instagram-feed\";i:0;s:10:\"uagb\/login\";i:0;s:17:\"uagb\/loop-builder\";i:0;s:18:\"uagb\/loop-category\";i:0;s:20:\"uagb\/loop-pagination\";i:0;s:15:\"uagb\/loop-reset\";i:0;s:16:\"uagb\/loop-search\";i:0;s:14:\"uagb\/loop-sort\";i:0;s:17:\"uagb\/loop-wrapper\";i:0;s:13:\"uagb\/register\";i:0;s:19:\"uagb\/register-email\";i:0;s:24:\"uagb\/register-first-name\";i:0;s:23:\"uagb\/register-last-name\";i:0;s:22:\"uagb\/register-password\";i:0;s:30:\"uagb\/register-reenter-password\";i:0;s:19:\"uagb\/register-terms\";i:0;s:22:\"uagb\/register-username\";i:0;}"],"astra_style_timestamp_css":["1776867846"],"_uagb_last_spectra_edit":["1776763514"],"_uag_page_assets":["a:9:{s:3:\"css\";s:1361:\".wp-block-uagb-advanced-heading.uagb-block-898606b5.wp-block-uagb-advanced-heading .uagb-desc-text{color: #368058;margin-bottom: 15px;}.wp-block-uagb-advanced-heading.uagb-block-898606b5.wp-block-uagb-advanced-heading .uagb-highlight{font-style: normal;font-weight: Default;background: #007cba;color: #fff;-webkit-text-fill-color: #fff;}.wp-block-uagb-advanced-heading.uagb-block-898606b5.wp-block-uagb-advanced-heading .uagb-highlight::-moz-selection{color: #fff;background: #007cba;-webkit-text-fill-color: #fff;}.wp-block-uagb-advanced-heading.uagb-block-898606b5.wp-block-uagb-advanced-heading .uagb-highlight::selection{color: #fff;background: #007cba;-webkit-text-fill-color: #fff;}.wp-block-uagb-advanced-heading.uagb-block-cd73a7ad.wp-block-uagb-advanced-heading .uagb-desc-text{margin-bottom: 15px;}.wp-block-uagb-advanced-heading.uagb-block-cd73a7ad.wp-block-uagb-advanced-heading .uagb-highlight{font-style: normal;font-weight: Default;background: #007cba;color: #fff;-webkit-text-fill-color: #fff;}.wp-block-uagb-advanced-heading.uagb-block-cd73a7ad.wp-block-uagb-advanced-heading .uagb-highlight::-moz-selection{color: #fff;background: #007cba;-webkit-text-fill-color: #fff;}.wp-block-uagb-advanced-heading.uagb-block-cd73a7ad.wp-block-uagb-advanced-heading .uagb-highlight::selection{color: #fff;background: #007cba;-webkit-text-fill-color: #fff;}\";s:2:\"js\";s:0:\"\";s:18:\"current_block_list\";a:3:{i:0;s:11:\"core\/spacer\";i:1;s:21:\"uagb\/advanced-heading\";i:2;s:14:\"core\/paragraph\";}s:8:\"uag_flag\";b:1;s:11:\"uag_version\";s:10:\"1777045272\";s:6:\"gfonts\";a:0:{}s:10:\"gfonts_url\";s:0:\"\";s:12:\"gfonts_files\";a:0:{}s:14:\"uag_faq_layout\";b:0;}"],"rank_math_internal_links_processed":["1"]},"uagb_featured_image_src":{"full":false,"thumbnail":false,"medium":false,"medium_large":false,"large":false,"1536x1536":false,"2048x2048":false},"uagb_author_info":{"display_name":"developer","author_link":"https:\/\/www.pumacy.com\/de\/author\/sheikh_web\/"},"uagb_comment_info":0,"uagb_excerpt":"Prozessmanagement Unser Prozessmanagement basiert auf einem integrierten Ansatz, der den gesamten Produktlebenszyklus umfasst. Wir sind bestrebt, einen kontinuierlichen Informations- und Datenfluss sowie ein robustes Prozessmanagement sicherzustellen, das eine optimale Leistung garantiert. Basierend auf der Entwicklung von Optimierungsstrategien bietet Pumacy Beratungsprojekte zur Prozessorganisation und zum Product Lifecycle Management (PLM) an. Dies umfasst die Prozessimplementierung, Analyse, Auswertung&hellip;","_links":{"self":[{"href":"https:\/\/www.pumacy.com\/de\/wp-json\/wp\/v2\/pages\/1881","targetHints":{"allow":["GET"]}}],"collection":[{"href":"https:\/\/www.pumacy.com\/de\/wp-json\/wp\/v2\/pages"}],"about":[{"href":"https:\/\/www.pumacy.com\/de\/wp-json\/wp\/v2\/types\/page"}],"author":[{"embeddable":true,"href":"https:\/\/www.pumacy.com\/de\/wp-json\/wp\/v2\/users\/3"}],"replies":[{"embeddable":true,"href":"https:\/\/www.pumacy.com\/de\/wp-json\/wp\/v2\/comments?post=1881"}],"version-history":[{"count":1,"href":"https:\/\/www.pumacy.com\/de\/wp-json\/wp\/v2\/pages\/1881\/revisions"}],"predecessor-version":[{"id":1882,"href":"https:\/\/www.pumacy.com\/de\/wp-json\/wp\/v2\/pages\/1881\/revisions\/1882"}],"wp:attachment":[{"href":"https:\/\/www.pumacy.com\/de\/wp-json\/wp\/v2\/media?parent=1881"}],"curies":[{"name":"wp","href":"https:\/\/api.w.org\/{rel}","templated":true}]}}