{"id":1886,"date":"2021-07-05T13:09:12","date_gmt":"2021-07-05T13:09:12","guid":{"rendered":"https:\/\/pumacy.com\/?page_id=1886"},"modified":"2021-07-05T13:09:13","modified_gmt":"2021-07-05T13:09:13","slug":"process-mining","status":"publish","type":"page","link":"https:\/\/www.pumacy.com\/de\/process-mining\/","title":{"rendered":"Process Mining"},"content":{"rendered":"\n<div style=\"height:100px\" aria-hidden=\"true\" class=\"wp-block-spacer\"><\/div>\n\n\n\n<div class=\"wp-block-uagb-advanced-heading uagb-block-40f6bee5\"><h2 class=\"uagb-heading-text\">Prozessmanagement: Ganzheitliche Ans\u00e4tze f\u00fcr optimale Ergebnisse<\/h2><div class=\"uagb-separator-wrap\"><div class=\"uagb-separator\"><\/div><\/div><p class=\"uagb-desc-text\"><\/p><\/div>\n\n\n\n<div style=\"height:75px\" aria-hidden=\"true\" class=\"wp-block-spacer\"><\/div>\n\n\n\n<p>T\u00e4glich laufen in Ihrem Unternehmen<strong>&nbsp;zahlreiche Prozesse<\/strong>&nbsp;ab. Sie m\u00f6glichst optimal zu gestalten, ist eine der wichtigsten Ausgangsebenen, um mit einem Unternehmen Erfolg zu haben. Doch worauf kommt es im Prozessmanagement an?<\/p>\n\n\n\n<p>Viele Prozesse werden in Industrieunternehmen \u2013 insbesondere in der Produktentwicklung \u2013 noch nicht ausreichend fokussiert. Die Optimierungspotentiale werden h\u00e4ufig nicht erkannt oder werden nur unzureichend umgesetzt. Unsere Handlungsschwerpunkte sind vor allem in der&nbsp;<strong>Optimierung der Abl\u00e4ufe<\/strong>, in der Gestaltung durchg\u00e4ngiger Informationsfl\u00fcsse sowie in der Entwicklung von Methoden und Anwendungen im Bereich des Produkt-Lebenszyklus-Management.<\/p>\n\n\n\n<div style=\"height:60px\" aria-hidden=\"true\" class=\"wp-block-spacer\"><\/div>\n\n\n\n<div class=\"wp-block-uagb-advanced-heading uagb-block-c1d3a644\"><h2 class=\"uagb-heading-text\">WARUM IST PROZESSMANAGEMENT IN UNTERNEHMEN SO ENTSCHEIDEND?<\/h2><div class=\"uagb-separator-wrap\"><div class=\"uagb-separator\"><\/div><\/div><p class=\"uagb-desc-text\"><\/p><\/div>\n\n\n\n<p>Auch bekannt als Gesch\u00e4ftsprozessmanagement setzt sich das Prozessmanagement mit den verschiedensten Abl\u00e4ufen, die in einem Unternehmen zu finden sind, auseinander. Es bildet eine der wichtigsten Ausgangsebenen f\u00fcr den Unternehmenserfolg und gilt als Basis f\u00fcr erfolgreiches Projektmanagement. Im Rahmen eines effektiven Prozessmanagements setzen Sie sich mit folgenden Punkten auseinander:<\/p>\n\n\n\n<ul class=\"wp-block-list\"><li><strong>Identifikation<\/strong><\/li><li><strong>Gestaltung<\/strong><\/li><li><strong>Dokumentation<\/strong><\/li><li><strong>Implementierung<\/strong><\/li><li><strong>Steuerung<\/strong><\/li><li><strong>Verbesserung der Gesch\u00e4ftsprozesse<\/strong><\/li><\/ul>\n\n\n\n<p>Durch die Optimierung einzelner Bereiche und die optimale Gestaltung des Prozessmanagements lassen sich\u00a0<strong>Abl\u00e4ufe in Ihrem Betrieb beschleunigen<\/strong>. Modernes Prozessmanagement zielt ebenso auf organisatorische Aspekte ab. Dazu geh\u00f6ren neben der strategischen Ausrichtung ebenso die\u00a0<strong>Organisationskultur und die aktive sowie permanente Einbindung von allen Prozessbeteiligten<\/strong>. Dabei ist gerade diese gemeinsam mit der F\u00fchrung der Prozessmitarbeiter eine der gr\u00f6\u00dften Herausforderungen, auf die Sie in Ihrem Betrieb blicken werden. Um alle Beteiligten optimal integrieren zu k\u00f6nnen, sollten Sie zun\u00e4chst eine Frage beantworten: Wer erledigt wann und womit in welcher Form welche Aufgaben? Die feste Definition von Aufgaben und die Delegierung dieser von Seiten der Projektleiter zu den Mitarbeitern ist einer der entscheidenden T\u00e4tigkeitsbereiche.<\/p>\n\n\n\n<div style=\"height:100px\" aria-hidden=\"true\" class=\"wp-block-spacer\"><\/div>\n","protected":false},"excerpt":{"rendered":"<p>Prozessmanagement: Ganzheitliche Ans\u00e4tze f\u00fcr optimale Ergebnisse T\u00e4glich laufen in Ihrem Unternehmen&nbsp;zahlreiche Prozesse&nbsp;ab. Sie m\u00f6glichst optimal zu gestalten, ist eine der wichtigsten Ausgangsebenen, um mit einem Unternehmen Erfolg zu haben. Doch worauf kommt es im Prozessmanagement an? Viele Prozesse werden in Industrieunternehmen \u2013 insbesondere in der Produktentwicklung \u2013 noch nicht ausreichend fokussiert. Die Optimierungspotentiale werden h\u00e4ufig [&hellip;]<\/p>\n","protected":false},"author":3,"featured_media":0,"parent":0,"menu_order":0,"comment_status":"closed","ping_status":"closed","template":"","meta":{"_uag_custom_page_level_css":"","site-sidebar-layout":"no-sidebar","site-content-layout":"page-builder","ast-site-content-layout":"default","site-content-style":"default","site-sidebar-style":"default","ast-global-header-display":"","ast-banner-title-visibility":"","ast-main-header-display":"","ast-hfb-above-header-display":"","ast-hfb-below-header-display":"","ast-hfb-mobile-header-display":"","site-post-title":"disabled","ast-breadcrumbs-content":"","ast-featured-img":"disabled","footer-sml-layout":"","ast-disable-related-posts":"","theme-transparent-header-meta":"default","adv-header-id-meta":"","stick-header-meta":"","header-above-stick-meta":"","header-main-stick-meta":"","header-below-stick-meta":"","astra-migrate-meta-layouts":"default","ast-page-background-enabled":"default","ast-page-background-meta":{"desktop":{"background-color":"","background-image":"","background-repeat":"repeat","background-position":"center center","background-size":"auto","background-attachment":"scroll","background-type":"","background-media":"","overlay-type":"","overlay-color":"","overlay-opacity":"","overlay-gradient":""},"tablet":{"background-color":"","background-image":"","background-repeat":"repeat","background-position":"center center","background-size":"auto","background-attachment":"scroll","background-type":"","background-media":"","overlay-type":"","overlay-color":"","overlay-opacity":"","overlay-gradient":""},"mobile":{"background-color":"","background-image":"","background-repeat":"repeat","background-position":"center center","background-size":"auto","background-attachment":"scroll","background-type":"","background-media":"","overlay-type":"","overlay-color":"","overlay-opacity":"","overlay-gradient":""}},"ast-content-background-meta":{"desktop":{"background-color":"var(--ast-global-color-5)","background-image":"","background-repeat":"repeat","background-position":"center center","background-size":"auto","background-attachment":"scroll","background-type":"","background-media":"","overlay-type":"","overlay-color":"","overlay-opacity":"","overlay-gradient":""},"tablet":{"background-color":"var(--ast-global-color-5)","background-image":"","background-repeat":"repeat","background-position":"center center","background-size":"auto","background-attachment":"scroll","background-type":"","background-media":"","overlay-type":"","overlay-color":"","overlay-opacity":"","overlay-gradient":""},"mobile":{"background-color":"var(--ast-global-color-5)","background-image":"","background-repeat":"repeat","background-position":"center center","background-size":"auto","background-attachment":"scroll","background-type":"","background-media":"","overlay-type":"","overlay-color":"","overlay-opacity":"","overlay-gradient":""}},"footnotes":""},"class_list":["post-1886","page","type-page","status-publish","hentry"],"spectra_custom_meta":{"_wpml_word_count":["{\"total\":0,\"to_translate\":{\"en\":260,\"de\":260}}"],"_edit_lock":["1625490558:3"],"_edit_last":["3"],"site-post-title":["disabled"],"site-sidebar-layout":["no-sidebar"],"site-content-layout":["page-builder"],"ast-featured-img":["disabled"],"theme-transparent-header-meta":["default"],"_wpml_media_duplicate":["1"],"_wpml_media_featured":["1"],"_uagb_previous_block_counts":["a:90:{s:21:\"uagb\/advanced-heading\";i:2;s:15:\"uagb\/blockquote\";i:0;s:12:\"uagb\/buttons\";i:0;s:18:\"uagb\/buttons-child\";i:0;s:19:\"uagb\/call-to-action\";i:0;s:15:\"uagb\/cf7-styler\";i:0;s:11:\"uagb\/column\";i:0;s:12:\"uagb\/columns\";i:0;s:14:\"uagb\/container\";i:0;s:21:\"uagb\/content-timeline\";i:0;s:27:\"uagb\/content-timeline-child\";i:0;s:14:\"uagb\/countdown\";i:0;s:12:\"uagb\/counter\";i:0;s:8:\"uagb\/faq\";i:0;s:14:\"uagb\/faq-child\";i:0;s:10:\"uagb\/forms\";i:0;s:17:\"uagb\/forms-accept\";i:0;s:19:\"uagb\/forms-checkbox\";i:0;s:15:\"uagb\/forms-date\";i:0;s:16:\"uagb\/forms-email\";i:0;s:17:\"uagb\/forms-hidden\";i:0;s:15:\"uagb\/forms-name\";i:0;s:16:\"uagb\/forms-phone\";i:0;s:16:\"uagb\/forms-radio\";i:0;s:17:\"uagb\/forms-select\";i:0;s:19:\"uagb\/forms-textarea\";i:0;s:17:\"uagb\/forms-toggle\";i:0;s:14:\"uagb\/forms-url\";i:0;s:14:\"uagb\/gf-styler\";i:0;s:15:\"uagb\/google-map\";i:0;s:11:\"uagb\/how-to\";i:0;s:16:\"uagb\/how-to-step\";i:0;s:9:\"uagb\/icon\";i:0;s:14:\"uagb\/icon-list\";i:0;s:20:\"uagb\/icon-list-child\";i:0;s:10:\"uagb\/image\";i:0;s:18:\"uagb\/image-gallery\";i:0;s:13:\"uagb\/info-box\";i:0;s:18:\"uagb\/inline-notice\";i:0;s:11:\"uagb\/lottie\";i:0;s:21:\"uagb\/marketing-button\";i:0;s:10:\"uagb\/modal\";i:0;s:18:\"uagb\/popup-builder\";i:0;s:16:\"uagb\/post-button\";i:0;s:18:\"uagb\/post-carousel\";i:0;s:17:\"uagb\/post-excerpt\";i:0;s:14:\"uagb\/post-grid\";i:0;s:15:\"uagb\/post-image\";i:0;s:17:\"uagb\/post-masonry\";i:0;s:14:\"uagb\/post-meta\";i:0;s:18:\"uagb\/post-taxonomy\";i:0;s:18:\"uagb\/post-timeline\";i:0;s:15:\"uagb\/post-title\";i:0;s:20:\"uagb\/restaurant-menu\";i:0;s:26:\"uagb\/restaurant-menu-child\";i:0;s:11:\"uagb\/review\";i:0;s:12:\"uagb\/section\";i:0;s:14:\"uagb\/separator\";i:0;s:11:\"uagb\/slider\";i:0;s:17:\"uagb\/slider-child\";i:0;s:17:\"uagb\/social-share\";i:0;s:23:\"uagb\/social-share-child\";i:0;s:16:\"uagb\/star-rating\";i:0;s:23:\"uagb\/sure-cart-checkout\";i:0;s:22:\"uagb\/sure-cart-product\";i:0;s:15:\"uagb\/sure-forms\";i:0;s:22:\"uagb\/table-of-contents\";i:0;s:9:\"uagb\/tabs\";i:0;s:15:\"uagb\/tabs-child\";i:0;s:18:\"uagb\/taxonomy-list\";i:0;s:9:\"uagb\/team\";i:0;s:16:\"uagb\/testimonial\";i:0;s:14:\"uagb\/wp-search\";i:0;s:19:\"uagb\/instagram-feed\";i:0;s:10:\"uagb\/login\";i:0;s:17:\"uagb\/loop-builder\";i:0;s:18:\"uagb\/loop-category\";i:0;s:20:\"uagb\/loop-pagination\";i:0;s:15:\"uagb\/loop-reset\";i:0;s:16:\"uagb\/loop-search\";i:0;s:14:\"uagb\/loop-sort\";i:0;s:17:\"uagb\/loop-wrapper\";i:0;s:13:\"uagb\/register\";i:0;s:19:\"uagb\/register-email\";i:0;s:24:\"uagb\/register-first-name\";i:0;s:23:\"uagb\/register-last-name\";i:0;s:22:\"uagb\/register-password\";i:0;s:30:\"uagb\/register-reenter-password\";i:0;s:19:\"uagb\/register-terms\";i:0;s:22:\"uagb\/register-username\";i:0;}"],"astra_style_timestamp_css":["1776892192"],"copied_media_ids":["a:0:{}"],"referenced_media_ids":["a:0:{}"],"_uagb_last_spectra_edit":["1776763514"],"rank_math_internal_links_processed":["1"],"_uag_page_assets":["a:9:{s:3:\"css\";s:1346:\".wp-block-uagb-advanced-heading.uagb-block-40f6bee5.wp-block-uagb-advanced-heading .uagb-desc-text{margin-bottom: 15px;}.wp-block-uagb-advanced-heading.uagb-block-40f6bee5.wp-block-uagb-advanced-heading .uagb-highlight{font-style: normal;font-weight: Default;background: #007cba;color: #fff;-webkit-text-fill-color: #fff;}.wp-block-uagb-advanced-heading.uagb-block-40f6bee5.wp-block-uagb-advanced-heading .uagb-highlight::-moz-selection{color: #fff;background: #007cba;-webkit-text-fill-color: #fff;}.wp-block-uagb-advanced-heading.uagb-block-40f6bee5.wp-block-uagb-advanced-heading .uagb-highlight::selection{color: #fff;background: #007cba;-webkit-text-fill-color: #fff;}.wp-block-uagb-advanced-heading.uagb-block-c1d3a644.wp-block-uagb-advanced-heading .uagb-desc-text{margin-bottom: 15px;}.wp-block-uagb-advanced-heading.uagb-block-c1d3a644.wp-block-uagb-advanced-heading .uagb-highlight{font-style: normal;font-weight: Default;background: #007cba;color: #fff;-webkit-text-fill-color: #fff;}.wp-block-uagb-advanced-heading.uagb-block-c1d3a644.wp-block-uagb-advanced-heading .uagb-highlight::-moz-selection{color: #fff;background: #007cba;-webkit-text-fill-color: #fff;}.wp-block-uagb-advanced-heading.uagb-block-c1d3a644.wp-block-uagb-advanced-heading .uagb-highlight::selection{color: #fff;background: #007cba;-webkit-text-fill-color: #fff;}\";s:2:\"js\";s:0:\"\";s:18:\"current_block_list\";a:4:{i:0;s:11:\"core\/spacer\";i:1;s:21:\"uagb\/advanced-heading\";i:2;s:14:\"core\/paragraph\";i:3;s:9:\"core\/list\";}s:8:\"uag_flag\";b:1;s:11:\"uag_version\";s:10:\"1777045272\";s:6:\"gfonts\";a:0:{}s:10:\"gfonts_url\";s:0:\"\";s:12:\"gfonts_files\";a:0:{}s:14:\"uag_faq_layout\";b:0;}"]},"uagb_featured_image_src":{"full":false,"thumbnail":false,"medium":false,"medium_large":false,"large":false,"1536x1536":false,"2048x2048":false},"uagb_author_info":{"display_name":"developer","author_link":"https:\/\/www.pumacy.com\/de\/author\/sheikh_web\/"},"uagb_comment_info":0,"uagb_excerpt":"Prozessmanagement: Ganzheitliche Ans\u00e4tze f\u00fcr optimale Ergebnisse T\u00e4glich laufen in Ihrem Unternehmen&nbsp;zahlreiche Prozesse&nbsp;ab. Sie m\u00f6glichst optimal zu gestalten, ist eine der wichtigsten Ausgangsebenen, um mit einem Unternehmen Erfolg zu haben. Doch worauf kommt es im Prozessmanagement an? Viele Prozesse werden in Industrieunternehmen \u2013 insbesondere in der Produktentwicklung \u2013 noch nicht ausreichend fokussiert. Die Optimierungspotentiale werden h\u00e4ufig&hellip;","_links":{"self":[{"href":"https:\/\/www.pumacy.com\/de\/wp-json\/wp\/v2\/pages\/1886","targetHints":{"allow":["GET"]}}],"collection":[{"href":"https:\/\/www.pumacy.com\/de\/wp-json\/wp\/v2\/pages"}],"about":[{"href":"https:\/\/www.pumacy.com\/de\/wp-json\/wp\/v2\/types\/page"}],"author":[{"embeddable":true,"href":"https:\/\/www.pumacy.com\/de\/wp-json\/wp\/v2\/users\/3"}],"replies":[{"embeddable":true,"href":"https:\/\/www.pumacy.com\/de\/wp-json\/wp\/v2\/comments?post=1886"}],"version-history":[{"count":1,"href":"https:\/\/www.pumacy.com\/de\/wp-json\/wp\/v2\/pages\/1886\/revisions"}],"predecessor-version":[{"id":1887,"href":"https:\/\/www.pumacy.com\/de\/wp-json\/wp\/v2\/pages\/1886\/revisions\/1887"}],"wp:attachment":[{"href":"https:\/\/www.pumacy.com\/de\/wp-json\/wp\/v2\/media?parent=1886"}],"curies":[{"name":"wp","href":"https:\/\/api.w.org\/{rel}","templated":true}]}}