{"id":1911,"date":"2021-07-06T11:17:45","date_gmt":"2021-07-06T11:17:45","guid":{"rendered":"https:\/\/pumacy.com\/autodesk-fusion-lifecycle\/"},"modified":"2021-07-06T11:17:45","modified_gmt":"2021-07-06T11:17:45","slug":"autodesk-fusion-lifecycle","status":"publish","type":"page","link":"https:\/\/www.pumacy.com\/de\/autodesk-fusion-lifecycle\/","title":{"rendered":"Autodesk Fusion Lifecycle"},"content":{"rendered":"\n<div style=\"height:100px\" aria-hidden=\"true\" class=\"wp-block-spacer\"><\/div>\n\n<div class=\"wp-block-uagb-advanced-heading uagb-block-bdc3f80f\"><h2 class=\"uagb-heading-text\">VERWALTEN SIE ALLE PRODUKTDATEN IM TEAM<\/h2><div class=\"uagb-separator-wrap\"><div class=\"uagb-separator\"><\/div><\/div><p class=\"uagb-desc-text\"><\/p><\/div>\n\n<div class=\"wp-block-columns is-layout-flex wp-container-core-columns-is-layout-28f84493 wp-block-columns-is-layout-flex\">\n<div class=\"wp-block-column is-layout-flow wp-block-column-is-layout-flow\" style=\"flex-basis:66.66%\">\n<p>Die Arbeit an Konstruktionsdaten beansprucht t\u00e4glich viel Zeit f\u00fcr Ihr gesamtes Team. Autodesk\u00ae Fusion Lifecycle erm\u00f6glicht Ihnen, Produktdaten einfach zu organisieren, zu verwalten und zu verfolgen. Teilen Sie die Daten in Ihren Teams und dem gesamten Unternehmen \u2013 f\u00fcr eine bessere Zusammenarbeit! Die Software kann Ihren gesamten Product Lifecycle Management (PLM) unterst\u00fctzen und passt sich dabei Ihren Prozessen an. PLM ist der Prozess der Verwaltung des gesamten Lebenszyklus eines Produkts von seiner Konzeption \u00fcber Design und Fertigung bis hin zu Service und Entsorgung. Dieser Prozess integriert Menschen, Daten, Prozesse und Business-Systeme und ist das R\u00fcckgrat der Produktinformationen.<\/p>\n<\/div>\n\n\n\n<div class=\"wp-block-column is-layout-flow wp-block-column-is-layout-flow\" style=\"flex-basis:33.33%\">\n<figure class=\"wp-block-image size-large\"><img decoding=\"async\" src=\"https:\/\/www.pumacy.com\/wp-content\/uploads\/2020\/08\/images.jpg\" alt=\"\"\/><\/figure><\/div>\n<\/div>\n\n<div class=\"wp-block-columns is-layout-flex wp-container-core-columns-is-layout-28f84493 wp-block-columns-is-layout-flex\">\n<div class=\"wp-block-column is-layout-flow wp-block-column-is-layout-flow\">\n<p><strong>Autodesk\u00ae Fusion Lifecycle enables you to:<\/strong><\/p>\n\n\n\n<ul class=\"wp-block-list\"><li>Zugriff auf\u00a0<strong>ALLE wichtigen Daten<\/strong><\/li><li>Verk\u00fcrzung der\u00a0<strong>Entwicklungszeiten<\/strong><\/li><li>Der\u00a0<strong>Produktentstehungsprozess<\/strong>\u00a0ist \u00fcber alle \u00c4nderungen hinweg nachvollziehbar<\/li><li><strong>Entscheidungen<\/strong>\u00a0werden schnell und fundiert getroffen<\/li><li>Steigerung der\u00a0<strong>Produktqualit\u00e4t<\/strong><\/li><li><strong>Fehlerrisiken<\/strong>\u00a0senken<\/li><li><strong>Innovationen<\/strong>\u00a0werden schneller realisiert<\/li><li><strong>Produktionskosten<\/strong>\u00a0werden gesenkt<\/li><li>Produkte werden schneller auf den Markt gebracht<\/li><\/ul><\/div>\n<\/div>\n\n<div class=\"wp-block-columns is-layout-flex wp-container-core-columns-is-layout-28f84493 wp-block-columns-is-layout-flex\">\n<div class=\"wp-block-column is-layout-flow wp-block-column-is-layout-flow\"><figure class=\"wp-block-embed is-type-video is-provider-youtube wp-block-embed-youtube wp-embed-aspect-16-9 wp-has-aspect-ratio\"><div class=\"wp-block-embed__wrapper\">\r\nhttps:\/\/www.youtube.com\/watch?v=uBA9sF0KSsQ\r\n<\/div><\/figure>\r\n<\/div>\n<\/div>\n\n<div class=\"wp-block-columns is-layout-flex wp-container-core-columns-is-layout-28f84493 wp-block-columns-is-layout-flex\">\n<div class=\"wp-block-column is-layout-flow wp-block-column-is-layout-flow\">\n<h3 class=\"wp-block-heading\">LEISTUNGSSTARKES PLM MIT AUTODESK FUSION LIFECYCLE<\/h3>\n\n\n\n<p>Autodesk\u00ae Fusion Lifecycle beinhaltet eine breite Palette an leistungsstarken PLM-Funktionen, die Ihr Business schneller skalieren lassen. Mit Autodesk\u00ae Fusion Lifecycle haben Sie Zugriff auf ALLE wichtigen Daten und der Produktentstehungsprozess ist \u00fcber alle \u00c4nderungen hinweg nachvollziehbar. Somit k\u00f6nnen alle wichtigen Entscheidungen schnell und fundiert getroffen werden und Ihre Innovationen schneller realisiert. Letztendlich werden Ihre Produkte werden schneller auf den Markt gebracht!<\/p>\n\n\n\n<p><strong>Alle PLM-Funktionen im \u00dcberblick<\/strong><\/p>\n\n\n\n<ul class=\"wp-block-list\"><li>Unterst\u00fctzung bei Produktneuentwicklungen<\/li><li>Unternehmens\u00fcbergreifende St\u00fccklistenverwaltung<\/li><li>Kontrollierte \u00c4nderungsverwaltung<\/li><li>Vernetztes Qualit\u00e4tsmanagement<\/li><li>Optimale Zusammenarbeit mit Lieferanten<\/li><li>Weltweites Produktdatenmanagement<\/li><\/ul><\/div>\n<\/div>\n\n<div class=\"wp-block-columns is-layout-flex wp-container-core-columns-is-layout-28f84493 wp-block-columns-is-layout-flex\">\n<div class=\"wp-block-column is-layout-flow wp-block-column-is-layout-flow\">\n<h3 class=\"wp-block-heading\">VORTEILE VON AUTODESK\u00ae FUSION LIFECYCLE<\/h3>\n\n\n\n<ul class=\"wp-block-list\"><li>Es ist keine Programmierung erforderlich \u2013 Sie k\u00f6nnen sofort starten!<\/li><li>Software als Service (SaaS) \u2013 nicht nur Cloud gehostete Software<\/li><li>Keine Server, Hardware, Infrastruktur, Software, Datenbanken oder Add-Ins n\u00f6tig<\/li><li>Backup &amp; Disaster Recovery wird Ihnen zur Verf\u00fcgung gestellt<\/li><li>Sie nutzen automatisch die neueste Version der Software<\/li><li>Sie erhalten das komplette Softwarepaket \u2013 es gibt keine kostenpflichtigen Module<\/li><li>Einfach zu bedienen und einfach zu konfigurieren<\/li><li>Mobiler Zugriff<\/li><li>Sicher und gesch\u00fctzt<\/li><li>Abonnement basiert<\/li><\/ul>\n\n\n<div class=\"wp-block-buttons is-layout-flex wp-block-buttons-is-layout-flex\">\n<div class=\"wp-block-button\"><a class=\"wp-block-button__link\" href=\"https:\/\/www.pumacy.com\/de\/kontakt\/\">Jetzt anfragen<\/a><\/div>\n<\/div>\n<\/div>\n<\/div>\n\n<div style=\"height:100px\" aria-hidden=\"true\" class=\"wp-block-spacer\"><\/div>\n","protected":false},"excerpt":{"rendered":"<p>VERWALTEN SIE ALLE PRODUKTDATEN IM TEAM Die Arbeit an Konstruktionsdaten beansprucht t\u00e4glich viel Zeit f\u00fcr Ihr gesamtes Team. Autodesk\u00ae Fusion Lifecycle erm\u00f6glicht Ihnen, Produktdaten einfach zu organisieren, zu verwalten und zu verfolgen. Teilen Sie die Daten in Ihren Teams und dem gesamten Unternehmen \u2013 f\u00fcr eine bessere Zusammenarbeit! Die Software kann Ihren gesamten Product Lifecycle [&hellip;]<\/p>\n","protected":false},"author":3,"featured_media":0,"parent":0,"menu_order":0,"comment_status":"closed","ping_status":"closed","template":"","meta":{"_uag_custom_page_level_css":"","site-sidebar-layout":"no-sidebar","site-content-layout":"page-builder","ast-site-content-layout":"default","site-content-style":"default","site-sidebar-style":"default","ast-global-header-display":"","ast-banner-title-visibility":"","ast-main-header-display":"","ast-hfb-above-header-display":"","ast-hfb-below-header-display":"","ast-hfb-mobile-header-display":"","site-post-title":"disabled","ast-breadcrumbs-content":"","ast-featured-img":"disabled","footer-sml-layout":"","ast-disable-related-posts":"","theme-transparent-header-meta":"default","adv-header-id-meta":"","stick-header-meta":"","header-above-stick-meta":"","header-main-stick-meta":"","header-below-stick-meta":"","astra-migrate-meta-layouts":"default","ast-page-background-enabled":"default","ast-page-background-meta":{"desktop":{"background-color":"","background-image":"","background-repeat":"repeat","background-position":"center center","background-size":"auto","background-attachment":"scroll","background-type":"","background-media":"","overlay-type":"","overlay-color":"","overlay-opacity":"","overlay-gradient":""},"tablet":{"background-color":"","background-image":"","background-repeat":"repeat","background-position":"center center","background-size":"auto","background-attachment":"scroll","background-type":"","background-media":"","overlay-type":"","overlay-color":"","overlay-opacity":"","overlay-gradient":""},"mobile":{"background-color":"","background-image":"","background-repeat":"repeat","background-position":"center center","background-size":"auto","background-attachment":"scroll","background-type":"","background-media":"","overlay-type":"","overlay-color":"","overlay-opacity":"","overlay-gradient":""}},"ast-content-background-meta":{"desktop":{"background-color":"var(--ast-global-color-5)","background-image":"","background-repeat":"repeat","background-position":"center center","background-size":"auto","background-attachment":"scroll","background-type":"","background-media":"","overlay-type":"","overlay-color":"","overlay-opacity":"","overlay-gradient":""},"tablet":{"background-color":"var(--ast-global-color-5)","background-image":"","background-repeat":"repeat","background-position":"center center","background-size":"auto","background-attachment":"scroll","background-type":"","background-media":"","overlay-type":"","overlay-color":"","overlay-opacity":"","overlay-gradient":""},"mobile":{"background-color":"var(--ast-global-color-5)","background-image":"","background-repeat":"repeat","background-position":"center center","background-size":"auto","background-attachment":"scroll","background-type":"","background-media":"","overlay-type":"","overlay-color":"","overlay-opacity":"","overlay-gradient":""}},"footnotes":""},"class_list":["post-1911","page","type-page","status-publish","hentry"],"spectra_custom_meta":{"_wpml_word_count":["{\"total\":0,\"to_translate\":{\"en\":6,\"de\":6}}"],"site-post-title":["disabled"],"site-sidebar-layout":["no-sidebar"],"site-content-layout":["page-builder"],"ast-featured-img":["disabled"],"theme-transparent-header-meta":["default"],"_top_nav_excluded":[""],"_cms_nav_minihome":[""],"_wp_page_template":["default"],"_last_translation_edit_mode":["translation-editor"],"_oembed_806fd27f482dd6cc9a142be98470724e":["<iframe title=\"New Product Introduction in Fusion Lifecycle\" width=\"1200\" height=\"675\" src=\"https:\/\/www.youtube.com\/embed\/uBA9sF0KSsQ?feature=oembed\" frameborder=\"0\" allow=\"accelerometer; autoplay; clipboard-write; encrypted-media; gyroscope; picture-in-picture\" allowfullscreen><\/iframe>"],"_oembed_time_806fd27f482dd6cc9a142be98470724e":["1625622008"],"_oembed_e94c15c298aff9d0923ebe55f7c0c4d7":["{{unknown}}"],"_oembed_2dc2415d005600ff49a8b1b8d2938ea5":["{{unknown}}"],"_uagb_previous_block_counts":["a:90:{s:21:\"uagb\/advanced-heading\";i:1;s:15:\"uagb\/blockquote\";i:0;s:12:\"uagb\/buttons\";i:0;s:18:\"uagb\/buttons-child\";i:0;s:19:\"uagb\/call-to-action\";i:0;s:15:\"uagb\/cf7-styler\";i:0;s:11:\"uagb\/column\";i:0;s:12:\"uagb\/columns\";i:0;s:14:\"uagb\/container\";i:0;s:21:\"uagb\/content-timeline\";i:0;s:27:\"uagb\/content-timeline-child\";i:0;s:14:\"uagb\/countdown\";i:0;s:12:\"uagb\/counter\";i:0;s:8:\"uagb\/faq\";i:0;s:14:\"uagb\/faq-child\";i:0;s:10:\"uagb\/forms\";i:0;s:17:\"uagb\/forms-accept\";i:0;s:19:\"uagb\/forms-checkbox\";i:0;s:15:\"uagb\/forms-date\";i:0;s:16:\"uagb\/forms-email\";i:0;s:17:\"uagb\/forms-hidden\";i:0;s:15:\"uagb\/forms-name\";i:0;s:16:\"uagb\/forms-phone\";i:0;s:16:\"uagb\/forms-radio\";i:0;s:17:\"uagb\/forms-select\";i:0;s:19:\"uagb\/forms-textarea\";i:0;s:17:\"uagb\/forms-toggle\";i:0;s:14:\"uagb\/forms-url\";i:0;s:14:\"uagb\/gf-styler\";i:0;s:15:\"uagb\/google-map\";i:0;s:11:\"uagb\/how-to\";i:0;s:16:\"uagb\/how-to-step\";i:0;s:9:\"uagb\/icon\";i:0;s:14:\"uagb\/icon-list\";i:0;s:20:\"uagb\/icon-list-child\";i:0;s:10:\"uagb\/image\";i:0;s:18:\"uagb\/image-gallery\";i:0;s:13:\"uagb\/info-box\";i:0;s:18:\"uagb\/inline-notice\";i:0;s:11:\"uagb\/lottie\";i:0;s:21:\"uagb\/marketing-button\";i:0;s:10:\"uagb\/modal\";i:0;s:18:\"uagb\/popup-builder\";i:0;s:16:\"uagb\/post-button\";i:0;s:18:\"uagb\/post-carousel\";i:0;s:17:\"uagb\/post-excerpt\";i:0;s:14:\"uagb\/post-grid\";i:0;s:15:\"uagb\/post-image\";i:0;s:17:\"uagb\/post-masonry\";i:0;s:14:\"uagb\/post-meta\";i:0;s:18:\"uagb\/post-taxonomy\";i:0;s:18:\"uagb\/post-timeline\";i:0;s:15:\"uagb\/post-title\";i:0;s:20:\"uagb\/restaurant-menu\";i:0;s:26:\"uagb\/restaurant-menu-child\";i:0;s:11:\"uagb\/review\";i:0;s:12:\"uagb\/section\";i:0;s:14:\"uagb\/separator\";i:0;s:11:\"uagb\/slider\";i:0;s:17:\"uagb\/slider-child\";i:0;s:17:\"uagb\/social-share\";i:0;s:23:\"uagb\/social-share-child\";i:0;s:16:\"uagb\/star-rating\";i:0;s:23:\"uagb\/sure-cart-checkout\";i:0;s:22:\"uagb\/sure-cart-product\";i:0;s:15:\"uagb\/sure-forms\";i:0;s:22:\"uagb\/table-of-contents\";i:0;s:9:\"uagb\/tabs\";i:0;s:15:\"uagb\/tabs-child\";i:0;s:18:\"uagb\/taxonomy-list\";i:0;s:9:\"uagb\/team\";i:0;s:16:\"uagb\/testimonial\";i:0;s:14:\"uagb\/wp-search\";i:0;s:19:\"uagb\/instagram-feed\";i:0;s:10:\"uagb\/login\";i:0;s:17:\"uagb\/loop-builder\";i:0;s:18:\"uagb\/loop-category\";i:0;s:20:\"uagb\/loop-pagination\";i:0;s:15:\"uagb\/loop-reset\";i:0;s:16:\"uagb\/loop-search\";i:0;s:14:\"uagb\/loop-sort\";i:0;s:17:\"uagb\/loop-wrapper\";i:0;s:13:\"uagb\/register\";i:0;s:19:\"uagb\/register-email\";i:0;s:24:\"uagb\/register-first-name\";i:0;s:23:\"uagb\/register-last-name\";i:0;s:22:\"uagb\/register-password\";i:0;s:30:\"uagb\/register-reenter-password\";i:0;s:19:\"uagb\/register-terms\";i:0;s:22:\"uagb\/register-username\";i:0;}"],"_oembed_75e1058ce1808c0a716221d356d88de8":["{{unknown}}"],"astra_style_timestamp_css":["1776950095"],"_uagb_last_spectra_edit":["1776763514"],"rank_math_og_content_image":["a:2:{s:5:\"check\";s:32:\"6183a924650b6cfe17418228f91ecc8e\";s:6:\"images\";a:1:{i:0;i:1482;}}"],"_uag_page_assets":["a:9:{s:3:\"css\";s:673:\".wp-block-uagb-advanced-heading.uagb-block-bdc3f80f.wp-block-uagb-advanced-heading .uagb-desc-text{margin-bottom: 15px;}.wp-block-uagb-advanced-heading.uagb-block-bdc3f80f.wp-block-uagb-advanced-heading .uagb-highlight{font-style: normal;font-weight: Default;background: #007cba;color: #fff;-webkit-text-fill-color: #fff;}.wp-block-uagb-advanced-heading.uagb-block-bdc3f80f.wp-block-uagb-advanced-heading .uagb-highlight::-moz-selection{color: #fff;background: #007cba;-webkit-text-fill-color: #fff;}.wp-block-uagb-advanced-heading.uagb-block-bdc3f80f.wp-block-uagb-advanced-heading .uagb-highlight::selection{color: #fff;background: #007cba;-webkit-text-fill-color: #fff;}\";s:2:\"js\";s:0:\"\";s:18:\"current_block_list\";a:11:{i:0;s:11:\"core\/spacer\";i:1;s:21:\"uagb\/advanced-heading\";i:2;s:12:\"core\/columns\";i:3;s:11:\"core\/column\";i:4;s:14:\"core\/paragraph\";i:6;s:10:\"core\/image\";i:7;s:9:\"core\/list\";i:10;s:10:\"core\/embed\";i:13;s:12:\"core\/heading\";i:14;s:12:\"core\/buttons\";i:15;s:11:\"core\/button\";}s:8:\"uag_flag\";b:1;s:11:\"uag_version\";s:10:\"1777045272\";s:6:\"gfonts\";a:0:{}s:10:\"gfonts_url\";s:0:\"\";s:12:\"gfonts_files\";a:0:{}s:14:\"uag_faq_layout\";b:0;}"],"rank_math_internal_links_processed":["1"]},"uagb_featured_image_src":{"full":false,"thumbnail":false,"medium":false,"medium_large":false,"large":false,"1536x1536":false,"2048x2048":false},"uagb_author_info":{"display_name":"developer","author_link":"https:\/\/www.pumacy.com\/de\/author\/sheikh_web\/"},"uagb_comment_info":0,"uagb_excerpt":"VERWALTEN SIE ALLE PRODUKTDATEN IM TEAM Die Arbeit an Konstruktionsdaten beansprucht t\u00e4glich viel Zeit f\u00fcr Ihr gesamtes Team. Autodesk\u00ae Fusion Lifecycle erm\u00f6glicht Ihnen, Produktdaten einfach zu organisieren, zu verwalten und zu verfolgen. Teilen Sie die Daten in Ihren Teams und dem gesamten Unternehmen \u2013 f\u00fcr eine bessere Zusammenarbeit! Die Software kann Ihren gesamten Product Lifecycle&hellip;","_links":{"self":[{"href":"https:\/\/www.pumacy.com\/de\/wp-json\/wp\/v2\/pages\/1911","targetHints":{"allow":["GET"]}}],"collection":[{"href":"https:\/\/www.pumacy.com\/de\/wp-json\/wp\/v2\/pages"}],"about":[{"href":"https:\/\/www.pumacy.com\/de\/wp-json\/wp\/v2\/types\/page"}],"author":[{"embeddable":true,"href":"https:\/\/www.pumacy.com\/de\/wp-json\/wp\/v2\/users\/3"}],"replies":[{"embeddable":true,"href":"https:\/\/www.pumacy.com\/de\/wp-json\/wp\/v2\/comments?post=1911"}],"version-history":[{"count":1,"href":"https:\/\/www.pumacy.com\/de\/wp-json\/wp\/v2\/pages\/1911\/revisions"}],"predecessor-version":[{"id":1912,"href":"https:\/\/www.pumacy.com\/de\/wp-json\/wp\/v2\/pages\/1911\/revisions\/1912"}],"wp:attachment":[{"href":"https:\/\/www.pumacy.com\/de\/wp-json\/wp\/v2\/media?parent=1911"}],"curies":[{"name":"wp","href":"https:\/\/api.w.org\/{rel}","templated":true}]}}