{"id":1933,"date":"2021-07-06T13:08:06","date_gmt":"2021-07-06T13:08:06","guid":{"rendered":"https:\/\/pumacy.com\/exalead-cloudview\/"},"modified":"2021-07-06T13:08:06","modified_gmt":"2021-07-06T13:08:06","slug":"exalead-cloudview","status":"publish","type":"page","link":"https:\/\/www.pumacy.com\/de\/exalead-cloudview\/","title":{"rendered":"EXALEAD CloudView"},"content":{"rendered":"\n<div style=\"height:100px\" aria-hidden=\"true\" class=\"wp-block-spacer\"><\/div>\n\n<div class=\"wp-block-uagb-advanced-heading uagb-block-ba927208\"><h2 class=\"uagb-heading-text\">EXALEAD CloudView<\/h2><div class=\"uagb-separator-wrap\"><div class=\"uagb-separator\"><\/div><\/div><p class=\"uagb-desc-text\"><\/p><\/div>\n\n<div style=\"height:100px\" aria-hidden=\"true\" class=\"wp-block-spacer\"><\/div>\n\n<p>uchen Sie nach einer ma\u00dfgeschneiderten L\u00f6sung f\u00fcr das Sammeln, Auswerten und Aufarbeiten gro\u00dfer Datenmengen? Suchen Sie einen kompetenten Dienstleister, der Ihnen\u00a0<strong>\u00fcbersichtliche und individuelle Dashboards zum \u00dcberblick Ihrer Daten<\/strong>\u00a0erstellt? Wir bieten Ihnen durch jahrelange Erfahrung in den Bereichen\u00a0<strong>PLM und Big Data<\/strong>\u00a0die passende L\u00f6sung. Mit EXALEAD CloudView k\u00f6nnen Sie riesige Datenmengen aus internen und externen Quellen beziehen und im \u00dcberblick behalten. Wir liefern Ihnen unser Know-how auf diesem Gebiet und implementieren Ihnen die L\u00f6sung ganz nach Ihren Bed\u00fcrfnissen.<\/p>\n\n<p><strong>Doch auch ohne die L\u00f6sung EXALEAD CloudView<\/strong>\u00a0<strong>unterst\u00fctzen wir Sie<\/strong>\u00a0gern f\u00fcr die Bereiche PLM und BigData.\u00a0<a href=\"https:\/\/www.pumacy.com\/de\/kontakt\/\">Fragen Sie uns!<\/a><\/p>\n\n<div style=\"height:58px\" aria-hidden=\"true\" class=\"wp-block-spacer\"><\/div>\n\n<h4 class=\"has-text-align-center wp-block-heading\">BEHERRSCHEN SIE MIT EXALEAD CLOUDVIEW GROSSE DATENMENGEN<\/h4>\n\n<div class=\"wp-block-columns is-layout-flex wp-container-core-columns-is-layout-28f84493 wp-block-columns-is-layout-flex\">\n<div class=\"wp-block-column is-layout-flow wp-block-column-is-layout-flow\" style=\"flex-basis:35%\">\n<figure class=\"wp-block-image size-large\"><img decoding=\"async\" src=\"https:\/\/www.pumacy.com\/wp-content\/uploads\/2020\/08\/EXALEAD_Logotype_RGB_Blue-1-300x59-1.png\" alt=\"\"\/><\/figure><\/div>\n\n\n\n<div class=\"wp-block-column is-layout-flow wp-block-column-is-layout-flow\">\n<p>EXALEAD CloudView k\u00f6nnen Sie sowohl f\u00fcr die direkte Suche als auch f\u00fcr eine Weiterverarbeitung ausgew\u00e4hlter Informationen nutzen. Dabei kann sie im Rahmen von aufgabenspezifischen, suchbasierten Anwendungen (SBA) eingesetzt werden. Viele Unternehmen m\u00fcssen t\u00e4glich sehr gro\u00dfe Datenmengen \u2013 Big Data \u2013 gezielt auswerten. Viele setzen dabei immer mehr auf die Analyse von Datenquellen mit zum Teil retrospektiven, historischen Inhalten. Mit EXALEAD CloudView  k\u00f6nnen freie Texte beispielsweise aus Foren durchsucht, analysiert und graphisch aufbereitet werden. Diese Form der Datenerhebung setzt v\u00f6llig neue Ma\u00dfst\u00e4be.<\/p>\n<\/div>\n<\/div>\n\n<div style=\"height:42px\" aria-hidden=\"true\" class=\"wp-block-spacer\"><\/div>\n\n<h2 class=\"wp-block-heading\">ANWENDUNGSM\u00d6GLICHKEITEN VON EXALEAD CLOUDVIEW<\/h2>\n\n<p>Die vielf\u00e4ltigen Funktionen und Einstellungen bei der Erhebung und Visualisierung von Daten erm\u00f6glichen dem Unternehmen eine breite Anwendungsvielfalt f\u00fcr verschiedenen Branchen und Anwendungsf\u00e4lle:<\/p>\n\n<ul class=\"wp-block-list\"><li>Auswertung und Aufarbeitung gro\u00dfer Datenmengen aus verschiedenen Quellen<\/li><li>Semantische Analyse von freien Texten aus Internet und internen Daten<\/li><li>Individuelle Suchergebnisse mit Hilfe von Volltextsuche, Filtern und Gruppierungen<\/li><li>Darstellung komplexer Zusammenh\u00e4nge in \u00fcbersichtlichen Dashboards<\/li><\/ul>\n<div style=\"height:56px\" aria-hidden=\"true\" class=\"wp-block-spacer\"><\/div>\n\n<div class=\"wp-block-columns is-layout-flex wp-container-core-columns-is-layout-28f84493 wp-block-columns-is-layout-flex\">\n<div class=\"wp-block-column is-layout-flow wp-block-column-is-layout-flow\">\n<h4 class=\"has-text-align-center wp-block-heading\">SPEZIELLE ANWENDUNGSM\u00d6GLICHKEITEN VON EXALEAD CLOUDVIEW<\/h4>\n<\/div>\n<\/div>\n\n<div class=\"wp-block-columns is-layout-flex wp-container-core-columns-is-layout-28f84493 wp-block-columns-is-layout-flex\">\n<div class=\"wp-block-column is-layout-flow wp-block-column-is-layout-flow\">\n<div class=\"wp-block-image\"><figure class=\"aligncenter size-large\"><img decoding=\"async\" src=\"https:\/\/www.pumacy.com\/wp-content\/uploads\/2020\/08\/Energiedaten_Exalead.jpg\" alt=\"\"\/><\/figure><\/div>\n\n\n\n<p><h5 class=\"elementor-heading-title elementor-size-default\">Korrelation von internen und \u00f6ffentlich zug\u00e4nglichen Daten<\/h5><\/p>\n\n\n\n<p>In Suchbasierten Anwendungen k\u00f6nnen in einem Dashboard verschiedene Datenquellen vereint werden. So k\u00f6nnen mit EXALEAD CloudView interne Umsatzdaten im Zusammenhang mit Wetterdaten, Finanzdaten (Umtauschkurse, Zinss\u00e4tze, etc.),  Stromnetzinformation, usw. dargestellt werden.<\/p>\n<\/div>\n\n\n\n<div class=\"wp-block-column is-layout-flow wp-block-column-is-layout-flow\">\n<div class=\"wp-block-image\"><figure class=\"aligncenter size-large\"><img decoding=\"async\" src=\"https:\/\/www.pumacy.com\/wp-content\/uploads\/2020\/08\/Internetrecherche_Exalead.jpg\" alt=\"\"\/><\/figure><\/div>\n\n\n\n<h5 class=\"wp-block-heading\">Durch Semantik unterst\u00fctzte Internetrecherche<\/h5>\n\n\n\n<p>Durch die Semantikfunktionen von EXALEAD CloudView k\u00f6nnen Recherchen im Internet effizienter durchgef\u00fchrt werden. Sie k\u00f6nnen leichter Feedback im Internet (Foren, Blogs) auf Kundenfeedback zu Ihren Produkten und Dienstleistungen untersuchen.<\/p>\n<\/div>\n\n\n\n<div class=\"wp-block-column is-layout-flow wp-block-column-is-layout-flow\">\n<div class=\"wp-block-image\"><figure class=\"aligncenter size-large is-resized\"><img loading=\"lazy\" decoding=\"async\" src=\"https:\/\/www.pumacy.com\/wp-content\/uploads\/2020\/08\/BigData_Exalead.jpg\" alt=\"\" width=\"139\" height=\"139\"\/><\/figure><\/div>\n\n\n\n<h5 class=\"wp-block-heading\">Big Data &amp; Analytic<\/h5>\n\n\n\n<p>In modernen IT Systemen werden sehr gro\u00dfe Datenmengen verwaltet, die zu gro\u00df sind, um sie interaktiv zu durchsuchen. Dashboards auf Basis von EXALEAD CloudView bieten einen komfortablen und schnellen \u00dcberblick \u00fcber gro\u00dfe Datenmenge oder aber auch \u00fcber komplexe Datenstrukturen wie sie zum Beispiel in der Produktentwicklung im PLM System vorliegen<\/p>\n<\/div>\n<\/div>\n\n<div style=\"height:86px\" aria-hidden=\"true\" class=\"wp-block-spacer\"><\/div>\n\n<h2 class=\"wp-block-heading\"><h2><strong>VORTEILE VON EXALEAD CLOUDVIEW<\/strong><\/h2><\/h2>\n\n<p>Die Entscheidung f\u00fcr EXALEAD CloudView wird sich in allen Bereichen Ihres Unternehmens positiv auswirken. Denn durch die Erfassung von vielf\u00e4ltigen relevanten Daten k\u00f6nnen neue Ma\u00dfst\u00e4be im Reporting gesetzt werden:<\/p>\n\n<ul class=\"wp-block-list\"><li><strong>Erfassen von strukturierten<\/strong>\u00a0<strong>und unstrukturierten Daten<\/strong>\u00a0u.a. aus CRM, ERP und PLM<\/li><li>Aggregieren von\u00a0<strong>quellen\u00fcbergreifenden Daten<\/strong>\u00a0m\u00f6glich<\/li><li>Suche auf Basis von Indexierung und\u00a0<strong>semantischer Technologie<\/strong><\/li><li>Aufbereitete und \u00fcbersichtliche Ergebnisse durch\u00a0<strong>Dashboards<\/strong>\u00a0mit interaktiven Grafiken und Visualisierungen<\/li><li>Schneller \u00dcberblick der relevanten Suchergebnisse durch leicht anwendbare\u00a0<strong>Filter<\/strong><\/li><li>Zeitersparnis durch\u00a0<strong>kontinuierliche Aktualisierung<\/strong>\u00a0der Suchergebnisse<\/li><li>Klare Kommunikation durch aktuelles und pr\u00e4zises\u00a0<strong>Reporting<\/strong><\/li><li>Agile und perfomante Webtechnologie mit<strong>\u00a0anwenderfreundliche Oberfl\u00e4che<\/strong><\/li><\/ul>\n<div style=\"height:86px\" aria-hidden=\"true\" class=\"wp-block-spacer\"><\/div>\n","protected":false},"excerpt":{"rendered":"<p>EXALEAD CloudView uchen Sie nach einer ma\u00dfgeschneiderten L\u00f6sung f\u00fcr das Sammeln, Auswerten und Aufarbeiten gro\u00dfer Datenmengen? Suchen Sie einen kompetenten Dienstleister, der Ihnen\u00a0\u00fcbersichtliche und individuelle Dashboards zum \u00dcberblick Ihrer Daten\u00a0erstellt? Wir bieten Ihnen durch jahrelange Erfahrung in den Bereichen\u00a0PLM und Big Data\u00a0die passende L\u00f6sung. Mit EXALEAD CloudView k\u00f6nnen Sie riesige Datenmengen aus internen und externen [&hellip;]<\/p>\n","protected":false},"author":3,"featured_media":0,"parent":0,"menu_order":0,"comment_status":"closed","ping_status":"closed","template":"","meta":{"_uag_custom_page_level_css":"","site-sidebar-layout":"no-sidebar","site-content-layout":"page-builder","ast-site-content-layout":"default","site-content-style":"default","site-sidebar-style":"default","ast-global-header-display":"","ast-banner-title-visibility":"","ast-main-header-display":"","ast-hfb-above-header-display":"","ast-hfb-below-header-display":"","ast-hfb-mobile-header-display":"","site-post-title":"disabled","ast-breadcrumbs-content":"","ast-featured-img":"disabled","footer-sml-layout":"","ast-disable-related-posts":"","theme-transparent-header-meta":"default","adv-header-id-meta":"","stick-header-meta":"","header-above-stick-meta":"","header-main-stick-meta":"","header-below-stick-meta":"","astra-migrate-meta-layouts":"default","ast-page-background-enabled":"default","ast-page-background-meta":{"desktop":{"background-color":"","background-image":"","background-repeat":"repeat","background-position":"center center","background-size":"auto","background-attachment":"scroll","background-type":"","background-media":"","overlay-type":"","overlay-color":"","overlay-opacity":"","overlay-gradient":""},"tablet":{"background-color":"","background-image":"","background-repeat":"repeat","background-position":"center center","background-size":"auto","background-attachment":"scroll","background-type":"","background-media":"","overlay-type":"","overlay-color":"","overlay-opacity":"","overlay-gradient":""},"mobile":{"background-color":"","background-image":"","background-repeat":"repeat","background-position":"center center","background-size":"auto","background-attachment":"scroll","background-type":"","background-media":"","overlay-type":"","overlay-color":"","overlay-opacity":"","overlay-gradient":""}},"ast-content-background-meta":{"desktop":{"background-color":"var(--ast-global-color-5)","background-image":"","background-repeat":"repeat","background-position":"center center","background-size":"auto","background-attachment":"scroll","background-type":"","background-media":"","overlay-type":"","overlay-color":"","overlay-opacity":"","overlay-gradient":""},"tablet":{"background-color":"var(--ast-global-color-5)","background-image":"","background-repeat":"repeat","background-position":"center center","background-size":"auto","background-attachment":"scroll","background-type":"","background-media":"","overlay-type":"","overlay-color":"","overlay-opacity":"","overlay-gradient":""},"mobile":{"background-color":"var(--ast-global-color-5)","background-image":"","background-repeat":"repeat","background-position":"center center","background-size":"auto","background-attachment":"scroll","background-type":"","background-media":"","overlay-type":"","overlay-color":"","overlay-opacity":"","overlay-gradient":""}},"footnotes":""},"class_list":["post-1933","page","type-page","status-publish","hentry"],"spectra_custom_meta":{"_wpml_word_count":["{\"total\":0,\"to_translate\":{\"en\":4,\"de\":4}}"],"site-post-title":["disabled"],"site-sidebar-layout":["no-sidebar"],"site-content-layout":["page-builder"],"ast-featured-img":["disabled"],"theme-transparent-header-meta":["default"],"_top_nav_excluded":[""],"_cms_nav_minihome":[""],"_wp_page_template":["default"],"_last_translation_edit_mode":["translation-editor"],"_uagb_previous_block_counts":["a:90:{s:21:\"uagb\/advanced-heading\";i:1;s:15:\"uagb\/blockquote\";i:0;s:12:\"uagb\/buttons\";i:0;s:18:\"uagb\/buttons-child\";i:0;s:19:\"uagb\/call-to-action\";i:0;s:15:\"uagb\/cf7-styler\";i:0;s:11:\"uagb\/column\";i:0;s:12:\"uagb\/columns\";i:0;s:14:\"uagb\/container\";i:0;s:21:\"uagb\/content-timeline\";i:0;s:27:\"uagb\/content-timeline-child\";i:0;s:14:\"uagb\/countdown\";i:0;s:12:\"uagb\/counter\";i:0;s:8:\"uagb\/faq\";i:0;s:14:\"uagb\/faq-child\";i:0;s:10:\"uagb\/forms\";i:0;s:17:\"uagb\/forms-accept\";i:0;s:19:\"uagb\/forms-checkbox\";i:0;s:15:\"uagb\/forms-date\";i:0;s:16:\"uagb\/forms-email\";i:0;s:17:\"uagb\/forms-hidden\";i:0;s:15:\"uagb\/forms-name\";i:0;s:16:\"uagb\/forms-phone\";i:0;s:16:\"uagb\/forms-radio\";i:0;s:17:\"uagb\/forms-select\";i:0;s:19:\"uagb\/forms-textarea\";i:0;s:17:\"uagb\/forms-toggle\";i:0;s:14:\"uagb\/forms-url\";i:0;s:14:\"uagb\/gf-styler\";i:0;s:15:\"uagb\/google-map\";i:0;s:11:\"uagb\/how-to\";i:0;s:16:\"uagb\/how-to-step\";i:0;s:9:\"uagb\/icon\";i:0;s:14:\"uagb\/icon-list\";i:0;s:20:\"uagb\/icon-list-child\";i:0;s:10:\"uagb\/image\";i:0;s:18:\"uagb\/image-gallery\";i:0;s:13:\"uagb\/info-box\";i:0;s:18:\"uagb\/inline-notice\";i:0;s:11:\"uagb\/lottie\";i:0;s:21:\"uagb\/marketing-button\";i:0;s:10:\"uagb\/modal\";i:0;s:18:\"uagb\/popup-builder\";i:0;s:16:\"uagb\/post-button\";i:0;s:18:\"uagb\/post-carousel\";i:0;s:17:\"uagb\/post-excerpt\";i:0;s:14:\"uagb\/post-grid\";i:0;s:15:\"uagb\/post-image\";i:0;s:17:\"uagb\/post-masonry\";i:0;s:14:\"uagb\/post-meta\";i:0;s:18:\"uagb\/post-taxonomy\";i:0;s:18:\"uagb\/post-timeline\";i:0;s:15:\"uagb\/post-title\";i:0;s:20:\"uagb\/restaurant-menu\";i:0;s:26:\"uagb\/restaurant-menu-child\";i:0;s:11:\"uagb\/review\";i:0;s:12:\"uagb\/section\";i:0;s:14:\"uagb\/separator\";i:0;s:11:\"uagb\/slider\";i:0;s:17:\"uagb\/slider-child\";i:0;s:17:\"uagb\/social-share\";i:0;s:23:\"uagb\/social-share-child\";i:0;s:16:\"uagb\/star-rating\";i:0;s:23:\"uagb\/sure-cart-checkout\";i:0;s:22:\"uagb\/sure-cart-product\";i:0;s:15:\"uagb\/sure-forms\";i:0;s:22:\"uagb\/table-of-contents\";i:0;s:9:\"uagb\/tabs\";i:0;s:15:\"uagb\/tabs-child\";i:0;s:18:\"uagb\/taxonomy-list\";i:0;s:9:\"uagb\/team\";i:0;s:16:\"uagb\/testimonial\";i:0;s:14:\"uagb\/wp-search\";i:0;s:19:\"uagb\/instagram-feed\";i:0;s:10:\"uagb\/login\";i:0;s:17:\"uagb\/loop-builder\";i:0;s:18:\"uagb\/loop-category\";i:0;s:20:\"uagb\/loop-pagination\";i:0;s:15:\"uagb\/loop-reset\";i:0;s:16:\"uagb\/loop-search\";i:0;s:14:\"uagb\/loop-sort\";i:0;s:17:\"uagb\/loop-wrapper\";i:0;s:13:\"uagb\/register\";i:0;s:19:\"uagb\/register-email\";i:0;s:24:\"uagb\/register-first-name\";i:0;s:23:\"uagb\/register-last-name\";i:0;s:22:\"uagb\/register-password\";i:0;s:30:\"uagb\/register-reenter-password\";i:0;s:19:\"uagb\/register-terms\";i:0;s:22:\"uagb\/register-username\";i:0;}"],"astra_style_timestamp_css":["1776901694"],"_uagb_last_spectra_edit":["1776763514"],"rank_math_og_content_image":["a:2:{s:5:\"check\";s:32:\"06330ddc8b57a6899613b69c282a779b\";s:6:\"images\";a:4:{i:0;i:1687;i:1;i:1694;i:2;i:1692;i:3;i:1690;}}"],"rank_math_internal_links_processed":["1"],"_uag_page_assets":["a:9:{s:3:\"css\";s:673:\".wp-block-uagb-advanced-heading.uagb-block-ba927208.wp-block-uagb-advanced-heading .uagb-desc-text{margin-bottom: 15px;}.wp-block-uagb-advanced-heading.uagb-block-ba927208.wp-block-uagb-advanced-heading .uagb-highlight{font-style: normal;font-weight: Default;background: #007cba;color: #fff;-webkit-text-fill-color: #fff;}.wp-block-uagb-advanced-heading.uagb-block-ba927208.wp-block-uagb-advanced-heading .uagb-highlight::-moz-selection{color: #fff;background: #007cba;-webkit-text-fill-color: #fff;}.wp-block-uagb-advanced-heading.uagb-block-ba927208.wp-block-uagb-advanced-heading .uagb-highlight::selection{color: #fff;background: #007cba;-webkit-text-fill-color: #fff;}\";s:2:\"js\";s:0:\"\";s:18:\"current_block_list\";a:8:{i:0;s:11:\"core\/spacer\";i:1;s:21:\"uagb\/advanced-heading\";i:2;s:14:\"core\/paragraph\";i:3;s:12:\"core\/heading\";i:4;s:12:\"core\/columns\";i:5;s:11:\"core\/column\";i:6;s:10:\"core\/image\";i:7;s:9:\"core\/list\";}s:8:\"uag_flag\";b:1;s:11:\"uag_version\";s:10:\"1777045272\";s:6:\"gfonts\";a:0:{}s:10:\"gfonts_url\";s:0:\"\";s:12:\"gfonts_files\";a:0:{}s:14:\"uag_faq_layout\";b:0;}"]},"uagb_featured_image_src":{"full":false,"thumbnail":false,"medium":false,"medium_large":false,"large":false,"1536x1536":false,"2048x2048":false},"uagb_author_info":{"display_name":"developer","author_link":"https:\/\/www.pumacy.com\/de\/author\/sheikh_web\/"},"uagb_comment_info":0,"uagb_excerpt":"EXALEAD CloudView uchen Sie nach einer ma\u00dfgeschneiderten L\u00f6sung f\u00fcr das Sammeln, Auswerten und Aufarbeiten gro\u00dfer Datenmengen? Suchen Sie einen kompetenten Dienstleister, der Ihnen\u00a0\u00fcbersichtliche und individuelle Dashboards zum \u00dcberblick Ihrer Daten\u00a0erstellt? Wir bieten Ihnen durch jahrelange Erfahrung in den Bereichen\u00a0PLM und Big Data\u00a0die passende L\u00f6sung. Mit EXALEAD CloudView k\u00f6nnen Sie riesige Datenmengen aus internen und externen&hellip;","_links":{"self":[{"href":"https:\/\/www.pumacy.com\/de\/wp-json\/wp\/v2\/pages\/1933","targetHints":{"allow":["GET"]}}],"collection":[{"href":"https:\/\/www.pumacy.com\/de\/wp-json\/wp\/v2\/pages"}],"about":[{"href":"https:\/\/www.pumacy.com\/de\/wp-json\/wp\/v2\/types\/page"}],"author":[{"embeddable":true,"href":"https:\/\/www.pumacy.com\/de\/wp-json\/wp\/v2\/users\/3"}],"replies":[{"embeddable":true,"href":"https:\/\/www.pumacy.com\/de\/wp-json\/wp\/v2\/comments?post=1933"}],"version-history":[{"count":1,"href":"https:\/\/www.pumacy.com\/de\/wp-json\/wp\/v2\/pages\/1933\/revisions"}],"predecessor-version":[{"id":1934,"href":"https:\/\/www.pumacy.com\/de\/wp-json\/wp\/v2\/pages\/1933\/revisions\/1934"}],"wp:attachment":[{"href":"https:\/\/www.pumacy.com\/de\/wp-json\/wp\/v2\/media?parent=1933"}],"curies":[{"name":"wp","href":"https:\/\/api.w.org\/{rel}","templated":true}]}}